{"id":101,"date":"2024-01-10T15:03:20","date_gmt":"2024-01-10T18:03:20","guid":{"rendered":"https:\/\/mambiente.cambe.pr.gov.br\/?page_id=101"},"modified":"2026-04-06T10:58:16","modified_gmt":"2026-04-06T13:58:16","slug":"residuos-com-logistica-reversa","status":"publish","type":"page","link":"https:\/\/mambiente.cambe.pr.gov.br\/index.php\/residuos-solidos-urbanos\/residuos-com-logistica-reversa\/","title":{"rendered":"Res\u00edduos com Log\u00edstica Reversa"},"content":{"rendered":"<p>A log\u00edstica reversa \u00e9 uma abordagem importante para lidar com res\u00edduos p\u00f3s-consumo de forma eficiente e sustent\u00e1vel. Ela contribui para a redu\u00e7\u00e3o do desperd\u00edcio, a conserva\u00e7\u00e3o de recursos naturais e a redu\u00e7\u00e3o da pegada ambiental.<\/p>\n<p><img loading=\"lazy\" decoding=\"async\" class=\"wp-image-103 alignright\" src=\"https:\/\/mambiente.cambe.pr.gov.br\/wp-content\/uploads\/2024\/01\/residuo_logistica_reversa-e1704980826960-300x119.jpg\" alt=\"\" width=\"500\" height=\"199\" srcset=\"https:\/\/mambiente.cambe.pr.gov.br\/wp-content\/uploads\/2024\/01\/residuo_logistica_reversa-e1704980826960-300x119.jpg 300w, https:\/\/mambiente.cambe.pr.gov.br\/wp-content\/uploads\/2024\/01\/residuo_logistica_reversa-e1704980826960-768x305.jpg 768w, https:\/\/mambiente.cambe.pr.gov.br\/wp-content\/uploads\/2024\/01\/residuo_logistica_reversa-e1704980826960.jpg 895w\" sizes=\"auto, (max-width: 500px) 100vw, 500px\" \/>Os res\u00edduos que comp\u00f5em esta categoria s\u00e3o:<\/p>\n<ul>\n<li>Pilhas e Baterias;<\/li>\n<li>Eletroeletr\u00f4nicos;<\/li>\n<li>L\u00e2mpadas fluorescentes, de vapor de s\u00f3dio e merc\u00fario e de luz mista;<\/li>\n<li>\u00d3leo lubrificante (usado, contaminado) e embalagens;<\/li>\n<li>Pneus inserv\u00edveis;<\/li>\n<li>Embalagens de agrot\u00f3xicos;<\/li>\n<li>Medicamentos; e<\/li>\n<li>\u00d3leo de cozinha.<\/li>\n<\/ul>\n<p>&nbsp;<\/p>\n<p style=\"text-align: justify;\">Portanto, cabe aos consumidores efetuar a devolu\u00e7\u00e3o ap\u00f3s o uso aos comerciantes ou distribuidoras. E cabe aos comerciantes ou distribuidoras efetuar a devolu\u00e7\u00e3o aos fabricantes ou as importadoras, e assim, os fabricantes ou importadoras dar\u00e3o a destina\u00e7\u00e3o ambientalmente adequada aos produtos e suas embalagens.<\/p>\n<p style=\"text-align: justify;\">Em Camb\u00e9, apesar de haver iniciativas para recolhimento destes res\u00edduos, ainda temos margem para melhorar a log\u00edstica reversa em nosso munic\u00edpio, tendo em vista que s\u00e3o muitos incipientes e, por vezes, inadequadas, considerando a forma como est\u00e3o estruturadas e ofertadas.<\/p>\n<p style=\"text-align: justify;\">Os mapas a seguir demonstram pontos de entrega volunt\u00e1ria desses res\u00edduos. L\u00e2mpadas, eletroeletr\u00f4nicos, pilhas e baterias, em sua maioria, os pontos de entrega s\u00e3o supermercados. Medicamentos e medicamentos vencidos, basicamente, s\u00e3o as farm\u00e1cias e as UBS. \u00d3leos lubrificantes usados e suas embalagens, s\u00e3o coletados em oficinas e postos de combust\u00edveis. Para os pneus inserv\u00edveis, o \u00fanico local que est\u00e1 vinculado ao programa nacional de log\u00edstica reversa \u00e9 a Almeida Pneus e as embalagens de agrot\u00f3xicos, o local \u00e9 a Anpara, que est\u00e1 situada dentro do aterro municipal.<\/p>\n<p style=\"text-align: justify;\">Para o \u00f3leo de cozinha, a SAMA possui uma parceria com a Imcopa (Ind\u00fastria de produ\u00e7\u00e3o de \u00f3leo vegetais), que forneceu um banner informativo e bombonas para o armazenamento de \u00f3leo usado da popula\u00e7\u00e3o cambeense na pr\u00f3pria sede da secretaria, localizada na Rua Francisco Delgado Sanches, n\u00ba 189, Jardim Vit\u00f3ria. Posteriormente, o \u00f3leo coletado \u00e9 destinado \u00e0s C\u00e1ritas Arquidiocesana de Londrina, que possui o Projeto \u00d3leo Solid\u00e1rio, que na sequ\u00eancia \u00e9 vendido \u00e0 empresa ITA Res\u00edduos, especializada na ger\u00eancia do material. Todo valor arrecadado \u00e9 revertido para os projetos da entidade.<\/p>\n<p>&nbsp;<\/p>\n<p style=\"text-align: center;\"><div class=\"rl-gallery-container rl-loading\" id=\"rl-gallery-container-1\" data-gallery_id=\"125\"> <h4 class=\"rl-gallery-title\">Mapa gr\u00e1fico dos pontos de entrega volunt\u00e1ria de eletroeletr\u00f4nicos, pilhas, baterias e l\u00e2mpadas em Camb\u00e9.<\/h4> <div class=\"rl-gallery rl-basicgrid-gallery \" id=\"rl-gallery-1\" data-gallery_no=\"1\"> <div class=\"rl-gallery-item\"><a href=\"https:\/\/mambiente.cambe.pr.gov.br\/wp-content\/uploads\/2024\/01\/entrega_eletronicos.jpg\" title=\"Mapa gr\u00e1fico dos pontos de entrega volunt\u00e1ria de eletroeletr\u00f4nicos, pilhas, baterias e l\u00e2mpadas em Camb\u00e9.\" data-rl_title=\"Mapa gr\u00e1fico dos pontos de entrega volunt\u00e1ria de eletroeletr\u00f4nicos, pilhas, baterias e l\u00e2mpadas em Camb\u00e9.\" class=\"rl-gallery-link\" data-rl_caption=\"\" data-rel=\"lightbox-gallery-1\"><img loading=\"lazy\" decoding=\"async\" src=\"https:\/\/mambiente.cambe.pr.gov.br\/wp-content\/uploads\/2024\/01\/entrega_eletronicos-1024x717.jpg\" width=\"955\" height=\"669\" alt=\"\"\/><\/a><\/div> <\/div> <\/div><\/p>\n<p>&nbsp;<\/p>\n<p style=\"text-align: center;\"><div class=\"rl-gallery-container rl-loading\" id=\"rl-gallery-container-2\" data-gallery_id=\"121\"> <h4 class=\"rl-gallery-title\">Mapa gr\u00e1fico dos pontos de entrega volunt\u00e1ria de embalagens de medicamentos e medicamentos vencidos em Camb\u00e9.<\/h4> <div class=\"rl-gallery rl-basicgrid-gallery \" id=\"rl-gallery-2\" data-gallery_no=\"2\"> <div class=\"rl-gallery-item\"><a href=\"https:\/\/mambiente.cambe.pr.gov.br\/wp-content\/uploads\/2024\/01\/entrga_voluntaria_medicamento-1.jpg\" title=\"Mapa gr\u00e1fico dos pontos de entrega volunt\u00e1ria de embalagens de medicamentos e medicamentos vencidos em Camb\u00e9.\" data-rl_title=\"Mapa gr\u00e1fico dos pontos de entrega volunt\u00e1ria de embalagens de medicamentos e medicamentos vencidos em Camb\u00e9.\" class=\"rl-gallery-link\" data-rl_caption=\"\" data-rel=\"lightbox-gallery-2\"><img loading=\"lazy\" decoding=\"async\" src=\"https:\/\/mambiente.cambe.pr.gov.br\/wp-content\/uploads\/2024\/01\/entrga_voluntaria_medicamento-1-1024x713.jpg\" width=\"955\" height=\"665\" alt=\"\"\/><\/a><\/div> <\/div> <\/div><\/p>\n<p>&nbsp;<\/p>\n<p style=\"text-align: center;\"><div class=\"rl-gallery-container rl-loading\" id=\"rl-gallery-container-3\" data-gallery_id=\"129\"> <h4 class=\"rl-gallery-title\">Mapa gr\u00e1fico dos pontos de entrega volunt\u00e1ria de embalagens de agrot\u00f3xicos e pneus inserv\u00edveis em Camb\u00e9.<\/h4> <div class=\"rl-gallery rl-basicgrid-gallery \" id=\"rl-gallery-3\" data-gallery_no=\"3\"> <div class=\"rl-gallery-item\"><a href=\"https:\/\/mambiente.cambe.pr.gov.br\/wp-content\/uploads\/2024\/01\/entrega_agrotoxico.jpg\" title=\"Mapa gr\u00e1fico dos pontos de entrega volunt\u00e1ria de embalagens de agrot\u00f3xicos e pneus inserv\u00edveis em Camb\u00e9.\" data-rl_title=\"Mapa gr\u00e1fico dos pontos de entrega volunt\u00e1ria de embalagens de agrot\u00f3xicos e pneus inserv\u00edveis em Camb\u00e9.\" class=\"rl-gallery-link\" data-rl_caption=\"\" data-rel=\"lightbox-gallery-3\"><img loading=\"lazy\" decoding=\"async\" src=\"https:\/\/mambiente.cambe.pr.gov.br\/wp-content\/uploads\/2024\/01\/entrega_agrotoxico-1024x720.jpg\" width=\"955\" height=\"671\" alt=\"\"\/><\/a><\/div> <\/div> <\/div><\/p>\n<p>&nbsp;<\/p>\n<p style=\"text-align: center;\"><div class=\"rl-gallery-container rl-loading\" id=\"rl-gallery-container-4\" data-gallery_id=\"132\"> <h4 class=\"rl-gallery-title\">Mapa gr\u00e1fico dos pontos de entrega volunt\u00e1ria de \u00f3leo lubrificante usado e embalagens em Camb\u00e9.<\/h4> <div class=\"rl-gallery rl-basicgrid-gallery \" id=\"rl-gallery-4\" data-gallery_no=\"4\"> <div class=\"rl-gallery-item\"><a href=\"https:\/\/mambiente.cambe.pr.gov.br\/wp-content\/uploads\/2024\/01\/entrega_oleo-1.jpg\" title=\"Mapa gr\u00e1fico dos pontos de entrega volunt\u00e1ria de \u00f3leo lubrificante usado e embalagens em Camb\u00e9.\" data-rl_title=\"Mapa gr\u00e1fico dos pontos de entrega volunt\u00e1ria de \u00f3leo lubrificante usado e embalagens em Camb\u00e9.\" class=\"rl-gallery-link\" data-rl_caption=\"\" data-rel=\"lightbox-gallery-4\"><img loading=\"lazy\" decoding=\"async\" src=\"https:\/\/mambiente.cambe.pr.gov.br\/wp-content\/uploads\/2024\/01\/entrega_oleo-1-1024x724.jpg\" width=\"955\" height=\"675\" alt=\"\"\/><\/a><\/div> <\/div> <\/div><\/p>\n","protected":false},"excerpt":{"rendered":"<p>A log\u00edstica reversa \u00e9 uma abordagem importante para lidar com res\u00edduos p\u00f3s-consumo de forma eficiente e sustent\u00e1vel. Ela contribui para a redu\u00e7\u00e3o do desperd\u00edcio, a conserva\u00e7\u00e3o de recursos naturais e a redu\u00e7\u00e3o da pegada ambiental. Os res\u00edduos que comp\u00f5em esta categoria s\u00e3o: Pilhas e Baterias; Eletroeletr\u00f4nicos; L\u00e2mpadas fluorescentes, de vapor de s\u00f3dio e merc\u00fario e [&hellip;]<\/p>\n","protected":false},"author":1,"featured_media":0,"parent":16,"menu_order":3,"comment_status":"closed","ping_status":"closed","template":"","meta":{"ngg_post_thumbnail":0,"footnotes":""},"class_list":["post-101","page","type-page","status-publish","hentry"],"yoast_head":"<!-- This site is optimized with the Yoast SEO plugin v24.4 - https:\/\/yoast.com\/wordpress\/plugins\/seo\/ -->\n<title>Res\u00edduos com Log\u00edstica Reversa - Secretaria de Agricultura e Meio Ambiente<\/title>\n<meta name=\"robots\" content=\"index, follow, max-snippet:-1, max-image-preview:large, max-video-preview:-1\" \/>\n<link rel=\"canonical\" href=\"https:\/\/mambiente.cambe.pr.gov.br\/index.php\/residuos-solidos-urbanos\/residuos-com-logistica-reversa\/\" \/>\n<meta property=\"og:locale\" content=\"pt_BR\" \/>\n<meta property=\"og:type\" content=\"article\" \/>\n<meta property=\"og:title\" content=\"Res\u00edduos com Log\u00edstica Reversa - Secretaria de Agricultura e Meio Ambiente\" \/>\n<meta property=\"og:description\" content=\"A log\u00edstica reversa \u00e9 uma abordagem importante para lidar com res\u00edduos p\u00f3s-consumo de forma eficiente e sustent\u00e1vel. Ela contribui para a redu\u00e7\u00e3o do desperd\u00edcio, a conserva\u00e7\u00e3o de recursos naturais e a redu\u00e7\u00e3o da pegada ambiental. Os res\u00edduos que comp\u00f5em esta categoria s\u00e3o: Pilhas e Baterias; Eletroeletr\u00f4nicos; L\u00e2mpadas fluorescentes, de vapor de s\u00f3dio e merc\u00fario e [&hellip;]\" \/>\n<meta property=\"og:url\" content=\"https:\/\/mambiente.cambe.pr.gov.br\/index.php\/residuos-solidos-urbanos\/residuos-com-logistica-reversa\/\" \/>\n<meta property=\"og:site_name\" content=\"Secretaria de Agricultura e Meio Ambiente\" \/>\n<meta property=\"article:modified_time\" content=\"2026-04-06T13:58:16+00:00\" \/>\n<meta property=\"og:image\" content=\"https:\/\/mambiente.cambe.pr.gov.br\/wp-content\/uploads\/2024\/01\/residuo_logistica_reversa-e1704980826960.jpg\" \/>\n\t<meta property=\"og:image:width\" content=\"895\" \/>\n\t<meta property=\"og:image:height\" content=\"356\" \/>\n\t<meta property=\"og:image:type\" content=\"image\/jpeg\" \/>\n<meta name=\"twitter:card\" content=\"summary_large_image\" \/>\n<meta name=\"twitter:label1\" content=\"Est. tempo de leitura\" \/>\n\t<meta name=\"twitter:data1\" content=\"3 minutos\" \/>\n<script type=\"application\/ld+json\" class=\"yoast-schema-graph\">{\"@context\":\"https:\/\/schema.org\",\"@graph\":[{\"@type\":\"WebPage\",\"@id\":\"https:\/\/mambiente.cambe.pr.gov.br\/index.php\/residuos-solidos-urbanos\/residuos-com-logistica-reversa\/\",\"url\":\"https:\/\/mambiente.cambe.pr.gov.br\/index.php\/residuos-solidos-urbanos\/residuos-com-logistica-reversa\/\",\"name\":\"Res\u00edduos com Log\u00edstica Reversa - Secretaria de Agricultura e Meio Ambiente\",\"isPartOf\":{\"@id\":\"https:\/\/mambiente.cambe.pr.gov.br\/#website\"},\"primaryImageOfPage\":{\"@id\":\"https:\/\/mambiente.cambe.pr.gov.br\/index.php\/residuos-solidos-urbanos\/residuos-com-logistica-reversa\/#primaryimage\"},\"image\":{\"@id\":\"https:\/\/mambiente.cambe.pr.gov.br\/index.php\/residuos-solidos-urbanos\/residuos-com-logistica-reversa\/#primaryimage\"},\"thumbnailUrl\":\"https:\/\/mambiente.cambe.pr.gov.br\/wp-content\/uploads\/2024\/01\/residuo_logistica_reversa-e1704980826960-300x119.jpg\",\"datePublished\":\"2024-01-10T18:03:20+00:00\",\"dateModified\":\"2026-04-06T13:58:16+00:00\",\"breadcrumb\":{\"@id\":\"https:\/\/mambiente.cambe.pr.gov.br\/index.php\/residuos-solidos-urbanos\/residuos-com-logistica-reversa\/#breadcrumb\"},\"inLanguage\":\"pt-BR\",\"potentialAction\":[{\"@type\":\"ReadAction\",\"target\":[\"https:\/\/mambiente.cambe.pr.gov.br\/index.php\/residuos-solidos-urbanos\/residuos-com-logistica-reversa\/\"]}]},{\"@type\":\"ImageObject\",\"inLanguage\":\"pt-BR\",\"@id\":\"https:\/\/mambiente.cambe.pr.gov.br\/index.php\/residuos-solidos-urbanos\/residuos-com-logistica-reversa\/#primaryimage\",\"url\":\"https:\/\/mambiente.cambe.pr.gov.br\/wp-content\/uploads\/2024\/01\/residuo_logistica_reversa-e1704980826960.jpg\",\"contentUrl\":\"https:\/\/mambiente.cambe.pr.gov.br\/wp-content\/uploads\/2024\/01\/residuo_logistica_reversa-e1704980826960.jpg\",\"width\":895,\"height\":356},{\"@type\":\"BreadcrumbList\",\"@id\":\"https:\/\/mambiente.cambe.pr.gov.br\/index.php\/residuos-solidos-urbanos\/residuos-com-logistica-reversa\/#breadcrumb\",\"itemListElement\":[{\"@type\":\"ListItem\",\"position\":1,\"name\":\"In\u00edcio\",\"item\":\"https:\/\/mambiente.cambe.pr.gov.br\/\"},{\"@type\":\"ListItem\",\"position\":2,\"name\":\"Res\u00edduos s\u00f3lidos urbanos\",\"item\":\"https:\/\/mambiente.cambe.pr.gov.br\/index.php\/residuos-solidos-urbanos\/\"},{\"@type\":\"ListItem\",\"position\":3,\"name\":\"Res\u00edduos com Log\u00edstica Reversa\"}]},{\"@type\":\"WebSite\",\"@id\":\"https:\/\/mambiente.cambe.pr.gov.br\/#website\",\"url\":\"https:\/\/mambiente.cambe.pr.gov.br\/\",\"name\":\"Secretaria de Agricultura e Meio Ambiente\",\"description\":\"\",\"publisher\":{\"@id\":\"https:\/\/mambiente.cambe.pr.gov.br\/#organization\"},\"potentialAction\":[{\"@type\":\"SearchAction\",\"target\":{\"@type\":\"EntryPoint\",\"urlTemplate\":\"https:\/\/mambiente.cambe.pr.gov.br\/?s={search_term_string}\"},\"query-input\":{\"@type\":\"PropertyValueSpecification\",\"valueRequired\":true,\"valueName\":\"search_term_string\"}}],\"inLanguage\":\"pt-BR\"},{\"@type\":\"Organization\",\"@id\":\"https:\/\/mambiente.cambe.pr.gov.br\/#organization\",\"name\":\"Secretaria de Agricultura e Meio Ambiente\",\"url\":\"https:\/\/mambiente.cambe.pr.gov.br\/\",\"logo\":{\"@type\":\"ImageObject\",\"inLanguage\":\"pt-BR\",\"@id\":\"https:\/\/mambiente.cambe.pr.gov.br\/#\/schema\/logo\/image\/\",\"url\":\"https:\/\/mambiente.cambe.pr.gov.br\/wp-content\/uploads\/2024\/01\/brasao_cambe.png\",\"contentUrl\":\"https:\/\/mambiente.cambe.pr.gov.br\/wp-content\/uploads\/2024\/01\/brasao_cambe.png\",\"width\":600,\"height\":600,\"caption\":\"Secretaria de Agricultura e Meio Ambiente\"},\"image\":{\"@id\":\"https:\/\/mambiente.cambe.pr.gov.br\/#\/schema\/logo\/image\/\"}}]}<\/script>\n<!-- \/ Yoast SEO plugin. -->","yoast_head_json":{"title":"Res\u00edduos com Log\u00edstica Reversa - Secretaria de Agricultura e Meio Ambiente","robots":{"index":"index","follow":"follow","max-snippet":"max-snippet:-1","max-image-preview":"max-image-preview:large","max-video-preview":"max-video-preview:-1"},"canonical":"https:\/\/mambiente.cambe.pr.gov.br\/index.php\/residuos-solidos-urbanos\/residuos-com-logistica-reversa\/","og_locale":"pt_BR","og_type":"article","og_title":"Res\u00edduos com Log\u00edstica Reversa - Secretaria de Agricultura e Meio Ambiente","og_description":"A log\u00edstica reversa \u00e9 uma abordagem importante para lidar com res\u00edduos p\u00f3s-consumo de forma eficiente e sustent\u00e1vel. Ela contribui para a redu\u00e7\u00e3o do desperd\u00edcio, a conserva\u00e7\u00e3o de recursos naturais e a redu\u00e7\u00e3o da pegada ambiental. Os res\u00edduos que comp\u00f5em esta categoria s\u00e3o: Pilhas e Baterias; Eletroeletr\u00f4nicos; L\u00e2mpadas fluorescentes, de vapor de s\u00f3dio e merc\u00fario e [&hellip;]","og_url":"https:\/\/mambiente.cambe.pr.gov.br\/index.php\/residuos-solidos-urbanos\/residuos-com-logistica-reversa\/","og_site_name":"Secretaria de Agricultura e Meio Ambiente","article_modified_time":"2026-04-06T13:58:16+00:00","og_image":[{"width":895,"height":356,"url":"https:\/\/mambiente.cambe.pr.gov.br\/wp-content\/uploads\/2024\/01\/residuo_logistica_reversa-e1704980826960.jpg","type":"image\/jpeg"}],"twitter_card":"summary_large_image","twitter_misc":{"Est. tempo de leitura":"3 minutos"},"schema":{"@context":"https:\/\/schema.org","@graph":[{"@type":"WebPage","@id":"https:\/\/mambiente.cambe.pr.gov.br\/index.php\/residuos-solidos-urbanos\/residuos-com-logistica-reversa\/","url":"https:\/\/mambiente.cambe.pr.gov.br\/index.php\/residuos-solidos-urbanos\/residuos-com-logistica-reversa\/","name":"Res\u00edduos com Log\u00edstica Reversa - Secretaria de Agricultura e Meio Ambiente","isPartOf":{"@id":"https:\/\/mambiente.cambe.pr.gov.br\/#website"},"primaryImageOfPage":{"@id":"https:\/\/mambiente.cambe.pr.gov.br\/index.php\/residuos-solidos-urbanos\/residuos-com-logistica-reversa\/#primaryimage"},"image":{"@id":"https:\/\/mambiente.cambe.pr.gov.br\/index.php\/residuos-solidos-urbanos\/residuos-com-logistica-reversa\/#primaryimage"},"thumbnailUrl":"https:\/\/mambiente.cambe.pr.gov.br\/wp-content\/uploads\/2024\/01\/residuo_logistica_reversa-e1704980826960-300x119.jpg","datePublished":"2024-01-10T18:03:20+00:00","dateModified":"2026-04-06T13:58:16+00:00","breadcrumb":{"@id":"https:\/\/mambiente.cambe.pr.gov.br\/index.php\/residuos-solidos-urbanos\/residuos-com-logistica-reversa\/#breadcrumb"},"inLanguage":"pt-BR","potentialAction":[{"@type":"ReadAction","target":["https:\/\/mambiente.cambe.pr.gov.br\/index.php\/residuos-solidos-urbanos\/residuos-com-logistica-reversa\/"]}]},{"@type":"ImageObject","inLanguage":"pt-BR","@id":"https:\/\/mambiente.cambe.pr.gov.br\/index.php\/residuos-solidos-urbanos\/residuos-com-logistica-reversa\/#primaryimage","url":"https:\/\/mambiente.cambe.pr.gov.br\/wp-content\/uploads\/2024\/01\/residuo_logistica_reversa-e1704980826960.jpg","contentUrl":"https:\/\/mambiente.cambe.pr.gov.br\/wp-content\/uploads\/2024\/01\/residuo_logistica_reversa-e1704980826960.jpg","width":895,"height":356},{"@type":"BreadcrumbList","@id":"https:\/\/mambiente.cambe.pr.gov.br\/index.php\/residuos-solidos-urbanos\/residuos-com-logistica-reversa\/#breadcrumb","itemListElement":[{"@type":"ListItem","position":1,"name":"In\u00edcio","item":"https:\/\/mambiente.cambe.pr.gov.br\/"},{"@type":"ListItem","position":2,"name":"Res\u00edduos s\u00f3lidos urbanos","item":"https:\/\/mambiente.cambe.pr.gov.br\/index.php\/residuos-solidos-urbanos\/"},{"@type":"ListItem","position":3,"name":"Res\u00edduos com Log\u00edstica Reversa"}]},{"@type":"WebSite","@id":"https:\/\/mambiente.cambe.pr.gov.br\/#website","url":"https:\/\/mambiente.cambe.pr.gov.br\/","name":"Secretaria de Agricultura e Meio Ambiente","description":"","publisher":{"@id":"https:\/\/mambiente.cambe.pr.gov.br\/#organization"},"potentialAction":[{"@type":"SearchAction","target":{"@type":"EntryPoint","urlTemplate":"https:\/\/mambiente.cambe.pr.gov.br\/?s={search_term_string}"},"query-input":{"@type":"PropertyValueSpecification","valueRequired":true,"valueName":"search_term_string"}}],"inLanguage":"pt-BR"},{"@type":"Organization","@id":"https:\/\/mambiente.cambe.pr.gov.br\/#organization","name":"Secretaria de Agricultura e Meio Ambiente","url":"https:\/\/mambiente.cambe.pr.gov.br\/","logo":{"@type":"ImageObject","inLanguage":"pt-BR","@id":"https:\/\/mambiente.cambe.pr.gov.br\/#\/schema\/logo\/image\/","url":"https:\/\/mambiente.cambe.pr.gov.br\/wp-content\/uploads\/2024\/01\/brasao_cambe.png","contentUrl":"https:\/\/mambiente.cambe.pr.gov.br\/wp-content\/uploads\/2024\/01\/brasao_cambe.png","width":600,"height":600,"caption":"Secretaria de Agricultura e Meio Ambiente"},"image":{"@id":"https:\/\/mambiente.cambe.pr.gov.br\/#\/schema\/logo\/image\/"}}]}},"_links":{"self":[{"href":"https:\/\/mambiente.cambe.pr.gov.br\/index.php\/wp-json\/wp\/v2\/pages\/101","targetHints":{"allow":["GET"]}}],"collection":[{"href":"https:\/\/mambiente.cambe.pr.gov.br\/index.php\/wp-json\/wp\/v2\/pages"}],"about":[{"href":"https:\/\/mambiente.cambe.pr.gov.br\/index.php\/wp-json\/wp\/v2\/types\/page"}],"author":[{"embeddable":true,"href":"https:\/\/mambiente.cambe.pr.gov.br\/index.php\/wp-json\/wp\/v2\/users\/1"}],"replies":[{"embeddable":true,"href":"https:\/\/mambiente.cambe.pr.gov.br\/index.php\/wp-json\/wp\/v2\/comments?post=101"}],"version-history":[{"count":22,"href":"https:\/\/mambiente.cambe.pr.gov.br\/index.php\/wp-json\/wp\/v2\/pages\/101\/revisions"}],"predecessor-version":[{"id":193,"href":"https:\/\/mambiente.cambe.pr.gov.br\/index.php\/wp-json\/wp\/v2\/pages\/101\/revisions\/193"}],"up":[{"embeddable":true,"href":"https:\/\/mambiente.cambe.pr.gov.br\/index.php\/wp-json\/wp\/v2\/pages\/16"}],"wp:attachment":[{"href":"https:\/\/mambiente.cambe.pr.gov.br\/index.php\/wp-json\/wp\/v2\/media?parent=101"}],"curies":[{"name":"wp","href":"https:\/\/api.w.org\/{rel}","templated":true}]}}