{"id":135,"date":"2024-01-11T09:09:38","date_gmt":"2024-01-11T12:09:38","guid":{"rendered":"https:\/\/mambiente.cambe.pr.gov.br\/?page_id=135"},"modified":"2026-04-06T10:58:16","modified_gmt":"2026-04-06T13:58:16","slug":"arborizacao-urbana","status":"publish","type":"page","link":"https:\/\/mambiente.cambe.pr.gov.br\/index.php\/arborizacao-urbana\/","title":{"rendered":"Arboriza\u00e7\u00e3o Urbana"},"content":{"rendered":"<p><img loading=\"lazy\" decoding=\"async\" class=\"wp-image-136 alignright\" style=\"font-size: 16px;\" src=\"https:\/\/mambiente.cambe.pr.gov.br\/wp-content\/uploads\/2024\/01\/arvores_rua_governadores-300x199.jpg\" alt=\"\" width=\"500\" height=\"331\" srcset=\"https:\/\/mambiente.cambe.pr.gov.br\/wp-content\/uploads\/2024\/01\/arvores_rua_governadores-300x199.jpg 300w, https:\/\/mambiente.cambe.pr.gov.br\/wp-content\/uploads\/2024\/01\/arvores_rua_governadores-1024x678.jpg 1024w, https:\/\/mambiente.cambe.pr.gov.br\/wp-content\/uploads\/2024\/01\/arvores_rua_governadores-768x508.jpg 768w, https:\/\/mambiente.cambe.pr.gov.br\/wp-content\/uploads\/2024\/01\/arvores_rua_governadores-1536x1017.jpg 1536w, https:\/\/mambiente.cambe.pr.gov.br\/wp-content\/uploads\/2024\/01\/arvores_rua_governadores.jpg 1600w\" sizes=\"auto, (max-width: 500px) 100vw, 500px\" \/><\/p>\n<p style=\"text-align: justify;\">Na busca por melhores n\u00edveis de qualidade ambiental, o uso da vegeta\u00e7\u00e3o em \u00e1reas urbanas t\u00eam se mostrado como uma estrat\u00e9gia de compensa\u00e7\u00e3o ao volume edificado, tendo em vista as possibilidades de conten\u00e7\u00e3o dos efeitos das ilhas de calor, redu\u00e7\u00e3o da polui\u00e7\u00e3o, do consumo de energia para o conforto t\u00e9rmico ou a valoriza\u00e7\u00e3o dos aspectos est\u00e9ticos. Em cidades de regi\u00f5es tropicais e subtropicais, o uso adequado da vegeta\u00e7\u00e3o urbana faz-se necess\u00e1rio para constituir uma paisagem agrad\u00e1vel para toda a popula\u00e7\u00e3o.<\/p>\n<p style=\"text-align: justify;\">A Legisla\u00e7\u00e3o que estabelece as normas para arboriza\u00e7\u00e3o do munic\u00edpio de Camb\u00e9 \u00e9 a Lei Municipal N\u00ba 2992\/2020. Entre os objetivos e princ\u00edpios estabelecidos na referida Lei, est\u00e3o todas as normas para plantio, erradica\u00e7\u00e3o, manuten\u00e7\u00e3o e amplia\u00e7\u00e3o das \u00e1reas verdes do Munic\u00edpio e arboriza\u00e7\u00e3o de cal\u00e7adas e canteiros.<\/p>\n","protected":false},"excerpt":{"rendered":"<p>Na busca por melhores n\u00edveis de qualidade ambiental, o uso da vegeta\u00e7\u00e3o em \u00e1reas urbanas t\u00eam se mostrado como uma estrat\u00e9gia de compensa\u00e7\u00e3o ao volume edificado, tendo em vista as possibilidades de conten\u00e7\u00e3o dos efeitos das ilhas de calor, redu\u00e7\u00e3o da polui\u00e7\u00e3o, do consumo de energia para o conforto t\u00e9rmico ou a valoriza\u00e7\u00e3o dos aspectos [&hellip;]<\/p>\n","protected":false},"author":1,"featured_media":0,"parent":0,"menu_order":0,"comment_status":"closed","ping_status":"closed","template":"","meta":{"ngg_post_thumbnail":0,"footnotes":""},"class_list":["post-135","page","type-page","status-publish","hentry"],"yoast_head":"<!-- This site is optimized with the Yoast SEO plugin v24.4 - https:\/\/yoast.com\/wordpress\/plugins\/seo\/ -->\n<title>Arboriza\u00e7\u00e3o Urbana - Secretaria de Agricultura e Meio Ambiente<\/title>\n<meta name=\"robots\" content=\"index, follow, max-snippet:-1, max-image-preview:large, max-video-preview:-1\" \/>\n<link rel=\"canonical\" href=\"https:\/\/mambiente.cambe.pr.gov.br\/index.php\/arborizacao-urbana\/\" \/>\n<meta property=\"og:locale\" content=\"pt_BR\" \/>\n<meta property=\"og:type\" content=\"article\" \/>\n<meta property=\"og:title\" content=\"Arboriza\u00e7\u00e3o Urbana - Secretaria de Agricultura e Meio Ambiente\" \/>\n<meta property=\"og:description\" content=\"Na busca por melhores n\u00edveis de qualidade ambiental, o uso da vegeta\u00e7\u00e3o em \u00e1reas urbanas t\u00eam se mostrado como uma estrat\u00e9gia de compensa\u00e7\u00e3o ao volume edificado, tendo em vista as possibilidades de conten\u00e7\u00e3o dos efeitos das ilhas de calor, redu\u00e7\u00e3o da polui\u00e7\u00e3o, do consumo de energia para o conforto t\u00e9rmico ou a valoriza\u00e7\u00e3o dos aspectos [&hellip;]\" \/>\n<meta property=\"og:url\" content=\"https:\/\/mambiente.cambe.pr.gov.br\/index.php\/arborizacao-urbana\/\" \/>\n<meta property=\"og:site_name\" content=\"Secretaria de Agricultura e Meio Ambiente\" \/>\n<meta property=\"article:modified_time\" content=\"2026-04-06T13:58:16+00:00\" \/>\n<meta property=\"og:image\" content=\"https:\/\/mambiente.cambe.pr.gov.br\/wp-content\/uploads\/2024\/01\/arvores_rua_governadores.jpg\" \/>\n\t<meta property=\"og:image:width\" content=\"1600\" \/>\n\t<meta property=\"og:image:height\" content=\"1059\" \/>\n\t<meta property=\"og:image:type\" content=\"image\/jpeg\" \/>\n<meta name=\"twitter:card\" content=\"summary_large_image\" \/>\n<meta name=\"twitter:label1\" content=\"Est. tempo de leitura\" \/>\n\t<meta name=\"twitter:data1\" content=\"1 minuto\" \/>\n<script type=\"application\/ld+json\" class=\"yoast-schema-graph\">{\"@context\":\"https:\/\/schema.org\",\"@graph\":[{\"@type\":\"WebPage\",\"@id\":\"https:\/\/mambiente.cambe.pr.gov.br\/index.php\/arborizacao-urbana\/\",\"url\":\"https:\/\/mambiente.cambe.pr.gov.br\/index.php\/arborizacao-urbana\/\",\"name\":\"Arboriza\u00e7\u00e3o Urbana - Secretaria de Agricultura e Meio Ambiente\",\"isPartOf\":{\"@id\":\"https:\/\/mambiente.cambe.pr.gov.br\/#website\"},\"primaryImageOfPage\":{\"@id\":\"https:\/\/mambiente.cambe.pr.gov.br\/index.php\/arborizacao-urbana\/#primaryimage\"},\"image\":{\"@id\":\"https:\/\/mambiente.cambe.pr.gov.br\/index.php\/arborizacao-urbana\/#primaryimage\"},\"thumbnailUrl\":\"https:\/\/mambiente.cambe.pr.gov.br\/wp-content\/uploads\/2024\/01\/arvores_rua_governadores-300x199.jpg\",\"datePublished\":\"2024-01-11T12:09:38+00:00\",\"dateModified\":\"2026-04-06T13:58:16+00:00\",\"breadcrumb\":{\"@id\":\"https:\/\/mambiente.cambe.pr.gov.br\/index.php\/arborizacao-urbana\/#breadcrumb\"},\"inLanguage\":\"pt-BR\",\"potentialAction\":[{\"@type\":\"ReadAction\",\"target\":[\"https:\/\/mambiente.cambe.pr.gov.br\/index.php\/arborizacao-urbana\/\"]}]},{\"@type\":\"ImageObject\",\"inLanguage\":\"pt-BR\",\"@id\":\"https:\/\/mambiente.cambe.pr.gov.br\/index.php\/arborizacao-urbana\/#primaryimage\",\"url\":\"https:\/\/mambiente.cambe.pr.gov.br\/wp-content\/uploads\/2024\/01\/arvores_rua_governadores.jpg\",\"contentUrl\":\"https:\/\/mambiente.cambe.pr.gov.br\/wp-content\/uploads\/2024\/01\/arvores_rua_governadores.jpg\",\"width\":1600,\"height\":1059},{\"@type\":\"BreadcrumbList\",\"@id\":\"https:\/\/mambiente.cambe.pr.gov.br\/index.php\/arborizacao-urbana\/#breadcrumb\",\"itemListElement\":[{\"@type\":\"ListItem\",\"position\":1,\"name\":\"In\u00edcio\",\"item\":\"https:\/\/mambiente.cambe.pr.gov.br\/\"},{\"@type\":\"ListItem\",\"position\":2,\"name\":\"Arboriza\u00e7\u00e3o Urbana\"}]},{\"@type\":\"WebSite\",\"@id\":\"https:\/\/mambiente.cambe.pr.gov.br\/#website\",\"url\":\"https:\/\/mambiente.cambe.pr.gov.br\/\",\"name\":\"Secretaria de Agricultura e Meio Ambiente\",\"description\":\"\",\"publisher\":{\"@id\":\"https:\/\/mambiente.cambe.pr.gov.br\/#organization\"},\"potentialAction\":[{\"@type\":\"SearchAction\",\"target\":{\"@type\":\"EntryPoint\",\"urlTemplate\":\"https:\/\/mambiente.cambe.pr.gov.br\/?s={search_term_string}\"},\"query-input\":{\"@type\":\"PropertyValueSpecification\",\"valueRequired\":true,\"valueName\":\"search_term_string\"}}],\"inLanguage\":\"pt-BR\"},{\"@type\":\"Organization\",\"@id\":\"https:\/\/mambiente.cambe.pr.gov.br\/#organization\",\"name\":\"Secretaria de Agricultura e Meio Ambiente\",\"url\":\"https:\/\/mambiente.cambe.pr.gov.br\/\",\"logo\":{\"@type\":\"ImageObject\",\"inLanguage\":\"pt-BR\",\"@id\":\"https:\/\/mambiente.cambe.pr.gov.br\/#\/schema\/logo\/image\/\",\"url\":\"https:\/\/mambiente.cambe.pr.gov.br\/wp-content\/uploads\/2024\/01\/brasao_cambe.png\",\"contentUrl\":\"https:\/\/mambiente.cambe.pr.gov.br\/wp-content\/uploads\/2024\/01\/brasao_cambe.png\",\"width\":600,\"height\":600,\"caption\":\"Secretaria de Agricultura e Meio Ambiente\"},\"image\":{\"@id\":\"https:\/\/mambiente.cambe.pr.gov.br\/#\/schema\/logo\/image\/\"}}]}<\/script>\n<!-- \/ Yoast SEO plugin. -->","yoast_head_json":{"title":"Arboriza\u00e7\u00e3o Urbana - Secretaria de Agricultura e Meio Ambiente","robots":{"index":"index","follow":"follow","max-snippet":"max-snippet:-1","max-image-preview":"max-image-preview:large","max-video-preview":"max-video-preview:-1"},"canonical":"https:\/\/mambiente.cambe.pr.gov.br\/index.php\/arborizacao-urbana\/","og_locale":"pt_BR","og_type":"article","og_title":"Arboriza\u00e7\u00e3o Urbana - Secretaria de Agricultura e Meio Ambiente","og_description":"Na busca por melhores n\u00edveis de qualidade ambiental, o uso da vegeta\u00e7\u00e3o em \u00e1reas urbanas t\u00eam se mostrado como uma estrat\u00e9gia de compensa\u00e7\u00e3o ao volume edificado, tendo em vista as possibilidades de conten\u00e7\u00e3o dos efeitos das ilhas de calor, redu\u00e7\u00e3o da polui\u00e7\u00e3o, do consumo de energia para o conforto t\u00e9rmico ou a valoriza\u00e7\u00e3o dos aspectos [&hellip;]","og_url":"https:\/\/mambiente.cambe.pr.gov.br\/index.php\/arborizacao-urbana\/","og_site_name":"Secretaria de Agricultura e Meio Ambiente","article_modified_time":"2026-04-06T13:58:16+00:00","og_image":[{"width":1600,"height":1059,"url":"https:\/\/mambiente.cambe.pr.gov.br\/wp-content\/uploads\/2024\/01\/arvores_rua_governadores.jpg","type":"image\/jpeg"}],"twitter_card":"summary_large_image","twitter_misc":{"Est. tempo de leitura":"1 minuto"},"schema":{"@context":"https:\/\/schema.org","@graph":[{"@type":"WebPage","@id":"https:\/\/mambiente.cambe.pr.gov.br\/index.php\/arborizacao-urbana\/","url":"https:\/\/mambiente.cambe.pr.gov.br\/index.php\/arborizacao-urbana\/","name":"Arboriza\u00e7\u00e3o Urbana - Secretaria de Agricultura e Meio Ambiente","isPartOf":{"@id":"https:\/\/mambiente.cambe.pr.gov.br\/#website"},"primaryImageOfPage":{"@id":"https:\/\/mambiente.cambe.pr.gov.br\/index.php\/arborizacao-urbana\/#primaryimage"},"image":{"@id":"https:\/\/mambiente.cambe.pr.gov.br\/index.php\/arborizacao-urbana\/#primaryimage"},"thumbnailUrl":"https:\/\/mambiente.cambe.pr.gov.br\/wp-content\/uploads\/2024\/01\/arvores_rua_governadores-300x199.jpg","datePublished":"2024-01-11T12:09:38+00:00","dateModified":"2026-04-06T13:58:16+00:00","breadcrumb":{"@id":"https:\/\/mambiente.cambe.pr.gov.br\/index.php\/arborizacao-urbana\/#breadcrumb"},"inLanguage":"pt-BR","potentialAction":[{"@type":"ReadAction","target":["https:\/\/mambiente.cambe.pr.gov.br\/index.php\/arborizacao-urbana\/"]}]},{"@type":"ImageObject","inLanguage":"pt-BR","@id":"https:\/\/mambiente.cambe.pr.gov.br\/index.php\/arborizacao-urbana\/#primaryimage","url":"https:\/\/mambiente.cambe.pr.gov.br\/wp-content\/uploads\/2024\/01\/arvores_rua_governadores.jpg","contentUrl":"https:\/\/mambiente.cambe.pr.gov.br\/wp-content\/uploads\/2024\/01\/arvores_rua_governadores.jpg","width":1600,"height":1059},{"@type":"BreadcrumbList","@id":"https:\/\/mambiente.cambe.pr.gov.br\/index.php\/arborizacao-urbana\/#breadcrumb","itemListElement":[{"@type":"ListItem","position":1,"name":"In\u00edcio","item":"https:\/\/mambiente.cambe.pr.gov.br\/"},{"@type":"ListItem","position":2,"name":"Arboriza\u00e7\u00e3o Urbana"}]},{"@type":"WebSite","@id":"https:\/\/mambiente.cambe.pr.gov.br\/#website","url":"https:\/\/mambiente.cambe.pr.gov.br\/","name":"Secretaria de Agricultura e Meio Ambiente","description":"","publisher":{"@id":"https:\/\/mambiente.cambe.pr.gov.br\/#organization"},"potentialAction":[{"@type":"SearchAction","target":{"@type":"EntryPoint","urlTemplate":"https:\/\/mambiente.cambe.pr.gov.br\/?s={search_term_string}"},"query-input":{"@type":"PropertyValueSpecification","valueRequired":true,"valueName":"search_term_string"}}],"inLanguage":"pt-BR"},{"@type":"Organization","@id":"https:\/\/mambiente.cambe.pr.gov.br\/#organization","name":"Secretaria de Agricultura e Meio Ambiente","url":"https:\/\/mambiente.cambe.pr.gov.br\/","logo":{"@type":"ImageObject","inLanguage":"pt-BR","@id":"https:\/\/mambiente.cambe.pr.gov.br\/#\/schema\/logo\/image\/","url":"https:\/\/mambiente.cambe.pr.gov.br\/wp-content\/uploads\/2024\/01\/brasao_cambe.png","contentUrl":"https:\/\/mambiente.cambe.pr.gov.br\/wp-content\/uploads\/2024\/01\/brasao_cambe.png","width":600,"height":600,"caption":"Secretaria de Agricultura e Meio Ambiente"},"image":{"@id":"https:\/\/mambiente.cambe.pr.gov.br\/#\/schema\/logo\/image\/"}}]}},"_links":{"self":[{"href":"https:\/\/mambiente.cambe.pr.gov.br\/index.php\/wp-json\/wp\/v2\/pages\/135","targetHints":{"allow":["GET"]}}],"collection":[{"href":"https:\/\/mambiente.cambe.pr.gov.br\/index.php\/wp-json\/wp\/v2\/pages"}],"about":[{"href":"https:\/\/mambiente.cambe.pr.gov.br\/index.php\/wp-json\/wp\/v2\/types\/page"}],"author":[{"embeddable":true,"href":"https:\/\/mambiente.cambe.pr.gov.br\/index.php\/wp-json\/wp\/v2\/users\/1"}],"replies":[{"embeddable":true,"href":"https:\/\/mambiente.cambe.pr.gov.br\/index.php\/wp-json\/wp\/v2\/comments?post=135"}],"version-history":[{"count":4,"href":"https:\/\/mambiente.cambe.pr.gov.br\/index.php\/wp-json\/wp\/v2\/pages\/135\/revisions"}],"predecessor-version":[{"id":141,"href":"https:\/\/mambiente.cambe.pr.gov.br\/index.php\/wp-json\/wp\/v2\/pages\/135\/revisions\/141"}],"wp:attachment":[{"href":"https:\/\/mambiente.cambe.pr.gov.br\/index.php\/wp-json\/wp\/v2\/media?parent=135"}],"curies":[{"name":"wp","href":"https:\/\/api.w.org\/{rel}","templated":true}]}}