{"id":142,"date":"2024-01-11T09:13:10","date_gmt":"2024-01-11T12:13:10","guid":{"rendered":"https:\/\/mambiente.cambe.pr.gov.br\/?page_id=142"},"modified":"2026-04-06T10:58:16","modified_gmt":"2026-04-06T13:58:16","slug":"poda-e-erradicacao","status":"publish","type":"page","link":"https:\/\/mambiente.cambe.pr.gov.br\/index.php\/arborizacao-urbana\/poda-e-erradicacao\/","title":{"rendered":"Poda e Erradica\u00e7\u00e3o"},"content":{"rendered":"<h5 align=\"justify\"><span lang=\"pt-BR\">Poda e Erradica\u00e7\u00e3o de \u00c1rvores em \u00e1rea p\u00fablica ou particular<\/span><\/h5>\n<p>&nbsp;<\/p>\n<p style=\"text-align: justify;\" align=\"justify\"><span lang=\"pt-BR\"> De acordo com a Lei Municipal n\u00ba 2.992\/2020, que disp\u00f5e sobre o C\u00f3digo de Arboriza\u00e7\u00e3o do Munic\u00edpio de Camb\u00e9:<\/span><\/p>\n<p align=\"justify\"><span lang=\"pt-BR\">Art. 28. \u00c9 atribui\u00e7\u00e3o exclusiva do munic\u00edpio ou de empresas credenciad<\/span><span lang=\"pt-BR\">as e treinadas pe<\/span><span lang=\"pt-BR\">lo Munic\u00edpio, por meio da Secretaria de Agricultura e Meio Ambiente \u2013 SAMA, podar, cortar, derrubar ou sacrificar \u00e1rvores da arboriza\u00e7\u00e3o p\u00fablica, sempre com autoriza\u00e7\u00e3o da referida Secretaria.<\/span><\/p>\n<p style=\"text-align: justify;\" align=\"justify\"><span lang=\"pt-BR\"> \u00a7 1\u00ba Com autoriza\u00e7\u00e3o expedida pela SAMA o mun\u00edcipe, em casos excepcionais, poder\u00e1 podar, cortar, derrubar ou sacrificar \u00e1rvores da arboriza\u00e7\u00e3o p\u00fablica.<\/span><\/p>\n<p style=\"text-align: justify;\" align=\"justify\"><span lang=\"pt-BR\"> Art. 30. Qualquer pessoa poder\u00e1 requerer a licen\u00e7a para derrubada, corte ou sacrif\u00edcio de uma \u00e1rvore da arboriza\u00e7\u00e3o urbana, em que, o munic\u00edpio, por meio da SAMA decidir\u00e1, de acordo com os crit\u00e9rios t\u00e9cnicos, o que deve ser feito.<\/span><\/p>\n<p style=\"text-align: justify;\" align=\"justify\"><span lang=\"pt-BR\"> Par\u00e1grafo \u00fanico. Concedida licen\u00e7a para corte de \u00e1rvores, dever\u00e1 ser implantada na mesma propriedade uma nova \u00e1rvore da esp\u00e9cie recomendada pelo Plano Municipal de Arboriza\u00e7\u00e3o Urbana.<\/span><\/p>\n<p style=\"text-align: justify;\" align=\"justify\"><span lang=\"pt-BR\"> Art. 31. O corte e poda poder\u00e3o ser realizados pelo morador ou contratante, desde que aprovado pela Secretaria de Agricultura e Meio Ambiente e qualquer preju\u00edzo seja do requerente e executor.<\/span><\/p>\n<p style=\"text-align: justify;\" align=\"justify\">\n<p style=\"text-align: justify;\"><span style=\"color: #000000;\"><strong><span style=\"text-decoration: underline;\">Solicita\u00e7\u00e3o de Poda e\/ou Erradica\u00e7\u00e3o de \u00c1rvores:<\/span><\/strong><\/span><\/p>\n<p style=\"text-align: justify;\"><strong>Como solicitar ou participar ?<\/strong><\/p>\n<p>1 &#8211; Fa\u00e7a o download do formul\u00e1rio de poda\/erradica\u00e7\u00e3o: <div class='w3eden'><!-- WPDM Link Template: Button Template -->\n\n<a class='wpdm-download-link download-on-click btn btn-primary ' rel='nofollow' href='#' data-downloadurl=\"https:\/\/mambiente.cambe.pr.gov.br\/index.php\/download\/formulario-poda-erradicacao\/?wpdmdl=276&refresh=69ff24bd1965e1778328765\">Download do formul\u00e1rio<\/a><\/div><\/p>\n<p style=\"text-align: justify;\">2 &#8211; Levar o formul\u00e1rio preenchido \u00e0 SAMA, (Localizada na Rua Francisco Delgado Sanches, 189 \u2013 Jardim vit\u00f3ria.)<br \/>\nAtendimento de segunda a sexta-feira, das 8:30 \u00e0s 11:30 h e das 13 \u00e0s 17 h.<\/p>\n<p style=\"text-align: justify;\"><strong>P\u00fablico-alvo:<\/strong><\/p>\n<p style=\"text-align: justify;\">Todos os propriet\u00e1rios de im\u00f3veis no munic\u00edpio de Camb\u00e9 ou seu representante legal.<\/p>\n<p style=\"text-align: justify;\"><strong>Documenta\u00e7\u00e3o necess\u00e1ria:<\/strong><\/p>\n<p style=\"text-align: justify;\">\u2022 C\u00f3pia do CPF do propriet\u00e1rio do im\u00f3vel;<br \/>\n\u2022 C\u00f3pia do comprovante de endere\u00e7o do local onde est\u00e1 localizada(s) a(s) \u00e1rvore(s);<br \/>\nTodos os documentos s\u00e3o obrigat\u00f3rios e devem ser apresentados no ato do protocolo.<\/p>\n<p style=\"text-align: justify;\"><strong>Importante:<\/strong><br \/>\n\u2022 O corte de \u00e1rvores sem autoriza\u00e7\u00e3o \u00e9 pass\u00edvel de multa.<br \/>\n\u2022 O solicitante dever\u00e1 realizar o plantio de outra esp\u00e9cie arb\u00f3rea, de pequeno porte, em substitui\u00e7\u00e3o a \u00e1rvore erradicada, seguindo as normas recomendadas pela SAMA e que est\u00e3o de acordo com o Plano Municipal de Arboriza\u00e7\u00e3o Urbana.<br \/>\n\u2022 O solicitante, caso seja autorizado pela SAMA, e efetue a erradica\u00e7\u00e3o ou poda de \u00e1rvore(s), dever\u00e1 providenciar as suas expensas, a coleta, o transporte e a destina\u00e7\u00e3o adequada dos res\u00edduos gerados.<\/p>\n","protected":false},"excerpt":{"rendered":"<p>Poda e Erradica\u00e7\u00e3o de \u00c1rvores em \u00e1rea p\u00fablica ou particular &nbsp; De acordo com a Lei Municipal n\u00ba 2.992\/2020, que disp\u00f5e sobre o C\u00f3digo de Arboriza\u00e7\u00e3o do Munic\u00edpio de Camb\u00e9: Art. 28. \u00c9 atribui\u00e7\u00e3o exclusiva do munic\u00edpio ou de empresas credenciadas e treinadas pelo Munic\u00edpio, por meio da Secretaria de Agricultura e Meio Ambiente \u2013 [&hellip;]<\/p>\n","protected":false},"author":1,"featured_media":0,"parent":135,"menu_order":0,"comment_status":"closed","ping_status":"closed","template":"","meta":{"ngg_post_thumbnail":0,"footnotes":""},"class_list":["post-142","page","type-page","status-publish","hentry"],"yoast_head":"<!-- This site is optimized with the Yoast SEO plugin v24.4 - https:\/\/yoast.com\/wordpress\/plugins\/seo\/ -->\n<title>Poda e Erradica\u00e7\u00e3o - Secretaria de Agricultura e Meio Ambiente<\/title>\n<meta name=\"robots\" content=\"index, follow, max-snippet:-1, max-image-preview:large, max-video-preview:-1\" \/>\n<link rel=\"canonical\" href=\"https:\/\/mambiente.cambe.pr.gov.br\/index.php\/arborizacao-urbana\/poda-e-erradicacao\/\" \/>\n<meta property=\"og:locale\" content=\"pt_BR\" \/>\n<meta property=\"og:type\" content=\"article\" \/>\n<meta property=\"og:title\" content=\"Poda e Erradica\u00e7\u00e3o - Secretaria de Agricultura e Meio Ambiente\" \/>\n<meta property=\"og:description\" content=\"Poda e Erradica\u00e7\u00e3o de \u00c1rvores em \u00e1rea p\u00fablica ou particular &nbsp; De acordo com a Lei Municipal n\u00ba 2.992\/2020, que disp\u00f5e sobre o C\u00f3digo de Arboriza\u00e7\u00e3o do Munic\u00edpio de Camb\u00e9: Art. 28. \u00c9 atribui\u00e7\u00e3o exclusiva do munic\u00edpio ou de empresas credenciadas e treinadas pelo Munic\u00edpio, por meio da Secretaria de Agricultura e Meio Ambiente \u2013 [&hellip;]\" \/>\n<meta property=\"og:url\" content=\"https:\/\/mambiente.cambe.pr.gov.br\/index.php\/arborizacao-urbana\/poda-e-erradicacao\/\" \/>\n<meta property=\"og:site_name\" content=\"Secretaria de Agricultura e Meio Ambiente\" \/>\n<meta property=\"article:modified_time\" content=\"2026-04-06T13:58:16+00:00\" \/>\n<meta property=\"og:image\" content=\"https:\/\/mambiente.cambe.pr.gov.br\/wp-content\/uploads\/2024\/01\/SecretariaAgriculturaMeioAmbiente_site_.png\" \/>\n\t<meta property=\"og:image:width\" content=\"400\" \/>\n\t<meta property=\"og:image:height\" content=\"59\" \/>\n\t<meta property=\"og:image:type\" content=\"image\/png\" \/>\n<meta name=\"twitter:card\" content=\"summary_large_image\" \/>\n<meta name=\"twitter:label1\" content=\"Est. tempo de leitura\" \/>\n\t<meta name=\"twitter:data1\" content=\"3 minutos\" \/>\n<script type=\"application\/ld+json\" class=\"yoast-schema-graph\">{\"@context\":\"https:\/\/schema.org\",\"@graph\":[{\"@type\":\"WebPage\",\"@id\":\"https:\/\/mambiente.cambe.pr.gov.br\/index.php\/arborizacao-urbana\/poda-e-erradicacao\/\",\"url\":\"https:\/\/mambiente.cambe.pr.gov.br\/index.php\/arborizacao-urbana\/poda-e-erradicacao\/\",\"name\":\"Poda e Erradica\u00e7\u00e3o - Secretaria de Agricultura e Meio Ambiente\",\"isPartOf\":{\"@id\":\"https:\/\/mambiente.cambe.pr.gov.br\/#website\"},\"datePublished\":\"2024-01-11T12:13:10+00:00\",\"dateModified\":\"2026-04-06T13:58:16+00:00\",\"breadcrumb\":{\"@id\":\"https:\/\/mambiente.cambe.pr.gov.br\/index.php\/arborizacao-urbana\/poda-e-erradicacao\/#breadcrumb\"},\"inLanguage\":\"pt-BR\",\"potentialAction\":[{\"@type\":\"ReadAction\",\"target\":[\"https:\/\/mambiente.cambe.pr.gov.br\/index.php\/arborizacao-urbana\/poda-e-erradicacao\/\"]}]},{\"@type\":\"BreadcrumbList\",\"@id\":\"https:\/\/mambiente.cambe.pr.gov.br\/index.php\/arborizacao-urbana\/poda-e-erradicacao\/#breadcrumb\",\"itemListElement\":[{\"@type\":\"ListItem\",\"position\":1,\"name\":\"In\u00edcio\",\"item\":\"https:\/\/mambiente.cambe.pr.gov.br\/\"},{\"@type\":\"ListItem\",\"position\":2,\"name\":\"Arboriza\u00e7\u00e3o Urbana\",\"item\":\"https:\/\/mambiente.cambe.pr.gov.br\/index.php\/arborizacao-urbana\/\"},{\"@type\":\"ListItem\",\"position\":3,\"name\":\"Poda e Erradica\u00e7\u00e3o\"}]},{\"@type\":\"WebSite\",\"@id\":\"https:\/\/mambiente.cambe.pr.gov.br\/#website\",\"url\":\"https:\/\/mambiente.cambe.pr.gov.br\/\",\"name\":\"Secretaria de Agricultura e Meio Ambiente\",\"description\":\"\",\"publisher\":{\"@id\":\"https:\/\/mambiente.cambe.pr.gov.br\/#organization\"},\"potentialAction\":[{\"@type\":\"SearchAction\",\"target\":{\"@type\":\"EntryPoint\",\"urlTemplate\":\"https:\/\/mambiente.cambe.pr.gov.br\/?s={search_term_string}\"},\"query-input\":{\"@type\":\"PropertyValueSpecification\",\"valueRequired\":true,\"valueName\":\"search_term_string\"}}],\"inLanguage\":\"pt-BR\"},{\"@type\":\"Organization\",\"@id\":\"https:\/\/mambiente.cambe.pr.gov.br\/#organization\",\"name\":\"Secretaria de Agricultura e Meio Ambiente\",\"url\":\"https:\/\/mambiente.cambe.pr.gov.br\/\",\"logo\":{\"@type\":\"ImageObject\",\"inLanguage\":\"pt-BR\",\"@id\":\"https:\/\/mambiente.cambe.pr.gov.br\/#\/schema\/logo\/image\/\",\"url\":\"https:\/\/mambiente.cambe.pr.gov.br\/wp-content\/uploads\/2024\/01\/brasao_cambe.png\",\"contentUrl\":\"https:\/\/mambiente.cambe.pr.gov.br\/wp-content\/uploads\/2024\/01\/brasao_cambe.png\",\"width\":600,\"height\":600,\"caption\":\"Secretaria de Agricultura e Meio Ambiente\"},\"image\":{\"@id\":\"https:\/\/mambiente.cambe.pr.gov.br\/#\/schema\/logo\/image\/\"}}]}<\/script>\n<!-- \/ Yoast SEO plugin. -->","yoast_head_json":{"title":"Poda e Erradica\u00e7\u00e3o - Secretaria de Agricultura e Meio Ambiente","robots":{"index":"index","follow":"follow","max-snippet":"max-snippet:-1","max-image-preview":"max-image-preview:large","max-video-preview":"max-video-preview:-1"},"canonical":"https:\/\/mambiente.cambe.pr.gov.br\/index.php\/arborizacao-urbana\/poda-e-erradicacao\/","og_locale":"pt_BR","og_type":"article","og_title":"Poda e Erradica\u00e7\u00e3o - Secretaria de Agricultura e Meio Ambiente","og_description":"Poda e Erradica\u00e7\u00e3o de \u00c1rvores em \u00e1rea p\u00fablica ou particular &nbsp; De acordo com a Lei Municipal n\u00ba 2.992\/2020, que disp\u00f5e sobre o C\u00f3digo de Arboriza\u00e7\u00e3o do Munic\u00edpio de Camb\u00e9: Art. 28. \u00c9 atribui\u00e7\u00e3o exclusiva do munic\u00edpio ou de empresas credenciadas e treinadas pelo Munic\u00edpio, por meio da Secretaria de Agricultura e Meio Ambiente \u2013 [&hellip;]","og_url":"https:\/\/mambiente.cambe.pr.gov.br\/index.php\/arborizacao-urbana\/poda-e-erradicacao\/","og_site_name":"Secretaria de Agricultura e Meio Ambiente","article_modified_time":"2026-04-06T13:58:16+00:00","og_image":[{"width":400,"height":59,"url":"https:\/\/mambiente.cambe.pr.gov.br\/wp-content\/uploads\/2024\/01\/SecretariaAgriculturaMeioAmbiente_site_.png","type":"image\/png"}],"twitter_card":"summary_large_image","twitter_misc":{"Est. tempo de leitura":"3 minutos"},"schema":{"@context":"https:\/\/schema.org","@graph":[{"@type":"WebPage","@id":"https:\/\/mambiente.cambe.pr.gov.br\/index.php\/arborizacao-urbana\/poda-e-erradicacao\/","url":"https:\/\/mambiente.cambe.pr.gov.br\/index.php\/arborizacao-urbana\/poda-e-erradicacao\/","name":"Poda e Erradica\u00e7\u00e3o - Secretaria de Agricultura e Meio Ambiente","isPartOf":{"@id":"https:\/\/mambiente.cambe.pr.gov.br\/#website"},"datePublished":"2024-01-11T12:13:10+00:00","dateModified":"2026-04-06T13:58:16+00:00","breadcrumb":{"@id":"https:\/\/mambiente.cambe.pr.gov.br\/index.php\/arborizacao-urbana\/poda-e-erradicacao\/#breadcrumb"},"inLanguage":"pt-BR","potentialAction":[{"@type":"ReadAction","target":["https:\/\/mambiente.cambe.pr.gov.br\/index.php\/arborizacao-urbana\/poda-e-erradicacao\/"]}]},{"@type":"BreadcrumbList","@id":"https:\/\/mambiente.cambe.pr.gov.br\/index.php\/arborizacao-urbana\/poda-e-erradicacao\/#breadcrumb","itemListElement":[{"@type":"ListItem","position":1,"name":"In\u00edcio","item":"https:\/\/mambiente.cambe.pr.gov.br\/"},{"@type":"ListItem","position":2,"name":"Arboriza\u00e7\u00e3o Urbana","item":"https:\/\/mambiente.cambe.pr.gov.br\/index.php\/arborizacao-urbana\/"},{"@type":"ListItem","position":3,"name":"Poda e Erradica\u00e7\u00e3o"}]},{"@type":"WebSite","@id":"https:\/\/mambiente.cambe.pr.gov.br\/#website","url":"https:\/\/mambiente.cambe.pr.gov.br\/","name":"Secretaria de Agricultura e Meio Ambiente","description":"","publisher":{"@id":"https:\/\/mambiente.cambe.pr.gov.br\/#organization"},"potentialAction":[{"@type":"SearchAction","target":{"@type":"EntryPoint","urlTemplate":"https:\/\/mambiente.cambe.pr.gov.br\/?s={search_term_string}"},"query-input":{"@type":"PropertyValueSpecification","valueRequired":true,"valueName":"search_term_string"}}],"inLanguage":"pt-BR"},{"@type":"Organization","@id":"https:\/\/mambiente.cambe.pr.gov.br\/#organization","name":"Secretaria de Agricultura e Meio Ambiente","url":"https:\/\/mambiente.cambe.pr.gov.br\/","logo":{"@type":"ImageObject","inLanguage":"pt-BR","@id":"https:\/\/mambiente.cambe.pr.gov.br\/#\/schema\/logo\/image\/","url":"https:\/\/mambiente.cambe.pr.gov.br\/wp-content\/uploads\/2024\/01\/brasao_cambe.png","contentUrl":"https:\/\/mambiente.cambe.pr.gov.br\/wp-content\/uploads\/2024\/01\/brasao_cambe.png","width":600,"height":600,"caption":"Secretaria de Agricultura e Meio Ambiente"},"image":{"@id":"https:\/\/mambiente.cambe.pr.gov.br\/#\/schema\/logo\/image\/"}}]}},"_links":{"self":[{"href":"https:\/\/mambiente.cambe.pr.gov.br\/index.php\/wp-json\/wp\/v2\/pages\/142","targetHints":{"allow":["GET"]}}],"collection":[{"href":"https:\/\/mambiente.cambe.pr.gov.br\/index.php\/wp-json\/wp\/v2\/pages"}],"about":[{"href":"https:\/\/mambiente.cambe.pr.gov.br\/index.php\/wp-json\/wp\/v2\/types\/page"}],"author":[{"embeddable":true,"href":"https:\/\/mambiente.cambe.pr.gov.br\/index.php\/wp-json\/wp\/v2\/users\/1"}],"replies":[{"embeddable":true,"href":"https:\/\/mambiente.cambe.pr.gov.br\/index.php\/wp-json\/wp\/v2\/comments?post=142"}],"version-history":[{"count":15,"href":"https:\/\/mambiente.cambe.pr.gov.br\/index.php\/wp-json\/wp\/v2\/pages\/142\/revisions"}],"predecessor-version":[{"id":441,"href":"https:\/\/mambiente.cambe.pr.gov.br\/index.php\/wp-json\/wp\/v2\/pages\/142\/revisions\/441"}],"up":[{"embeddable":true,"href":"https:\/\/mambiente.cambe.pr.gov.br\/index.php\/wp-json\/wp\/v2\/pages\/135"}],"wp:attachment":[{"href":"https:\/\/mambiente.cambe.pr.gov.br\/index.php\/wp-json\/wp\/v2\/media?parent=142"}],"curies":[{"name":"wp","href":"https:\/\/api.w.org\/{rel}","templated":true}]}}