{"id":147,"date":"2024-01-11T09:17:47","date_gmt":"2024-01-11T12:17:47","guid":{"rendered":"https:\/\/mambiente.cambe.pr.gov.br\/?page_id=147"},"modified":"2026-04-06T10:58:16","modified_gmt":"2026-04-06T13:58:16","slug":"programa-arboriza-cambe","status":"publish","type":"page","link":"https:\/\/mambiente.cambe.pr.gov.br\/index.php\/arborizacao-urbana\/programa-arboriza-cambe\/","title":{"rendered":"Programa Arboriza Camb\u00e9"},"content":{"rendered":"<p><img loading=\"lazy\" decoding=\"async\" class=\"wp-image-148 size-medium alignleft\" style=\"font-size: 16px;\" src=\"https:\/\/mambiente.cambe.pr.gov.br\/wp-content\/uploads\/2024\/01\/programa_arboriza_cambe-300x291.jpg\" alt=\"\" width=\"300\" height=\"291\" srcset=\"https:\/\/mambiente.cambe.pr.gov.br\/wp-content\/uploads\/2024\/01\/programa_arboriza_cambe-300x291.jpg 300w, https:\/\/mambiente.cambe.pr.gov.br\/wp-content\/uploads\/2024\/01\/programa_arboriza_cambe-50x50.jpg 50w, https:\/\/mambiente.cambe.pr.gov.br\/wp-content\/uploads\/2024\/01\/programa_arboriza_cambe.jpg 634w\" sizes=\"auto, (max-width: 300px) 100vw, 300px\" \/><\/p>\n<p>Voc\u00ea sabia que a arboriza\u00e7\u00e3o urbana pode reduzir a temperatura do ambiente em at\u00e9 5\u00baC ?<\/p>\n<p style=\"text-align: justify;\">A arboriza\u00e7\u00e3o urbana \u00e9 uma necessidade urgente e a Prefeitura de Camb\u00e9, preocupada com as altas temperaturas apresentadas nos \u00faltimos tempos, resolveu implantar um sistema de plantio de \u00e1rvores cont\u00ednuo. Diversos benef\u00edcios ser\u00e3o obtidos, como a melhoria na qualidade do ar e sensa\u00e7\u00e3o de bem-estar, a redu\u00e7\u00e3o significativa da sensa\u00e7\u00e3o t\u00e9rmica e dos ru\u00eddos urbanos.<\/p>\n<p style=\"text-align: justify;\">O Programa ARBORIZA CAMB\u00c9, visa o plantio de esp\u00e9cies arb\u00f3reas em quantidade expressiva no munic\u00edpio. O programa est\u00e1 sendo desenvolvido pela SAMA desde dezembro de 2023, sendo que todas \u00e0s sextas-feiras \u00e9 realizado plantio de \u00e1rvores no munic\u00edpio.<\/p>\n<p style=\"text-align: justify;\">Essa a\u00e7\u00e3o cont\u00ednua, tem como meta no per\u00edodo de um ano, o plantio de no m\u00ednimo 1000 \u00e1rvores em nosso munic\u00edpio. Al\u00e9m disso, a\u00e7\u00f5es pontuais tamb\u00e9m ser\u00e3o realizadas, a fim de aumentar esse n\u00famero.<\/p>\n","protected":false},"excerpt":{"rendered":"<p>Voc\u00ea sabia que a arboriza\u00e7\u00e3o urbana pode reduzir a temperatura do ambiente em at\u00e9 5\u00baC ? A arboriza\u00e7\u00e3o urbana \u00e9 uma necessidade urgente e a Prefeitura de Camb\u00e9, preocupada com as altas temperaturas apresentadas nos \u00faltimos tempos, resolveu implantar um sistema de plantio de \u00e1rvores cont\u00ednuo. Diversos benef\u00edcios ser\u00e3o obtidos, como a melhoria na qualidade [&hellip;]<\/p>\n","protected":false},"author":1,"featured_media":0,"parent":135,"menu_order":1,"comment_status":"closed","ping_status":"closed","template":"","meta":{"ngg_post_thumbnail":0,"footnotes":""},"class_list":["post-147","page","type-page","status-publish","hentry"],"yoast_head":"<!-- This site is optimized with the Yoast SEO plugin v24.4 - https:\/\/yoast.com\/wordpress\/plugins\/seo\/ -->\n<title>Programa Arboriza Camb\u00e9 - Secretaria de Agricultura e Meio Ambiente<\/title>\n<meta name=\"robots\" content=\"index, follow, max-snippet:-1, max-image-preview:large, max-video-preview:-1\" \/>\n<link rel=\"canonical\" href=\"https:\/\/mambiente.cambe.pr.gov.br\/index.php\/arborizacao-urbana\/programa-arboriza-cambe\/\" \/>\n<meta property=\"og:locale\" content=\"pt_BR\" \/>\n<meta property=\"og:type\" content=\"article\" \/>\n<meta property=\"og:title\" content=\"Programa Arboriza Camb\u00e9 - Secretaria de Agricultura e Meio Ambiente\" \/>\n<meta property=\"og:description\" content=\"Voc\u00ea sabia que a arboriza\u00e7\u00e3o urbana pode reduzir a temperatura do ambiente em at\u00e9 5\u00baC ? A arboriza\u00e7\u00e3o urbana \u00e9 uma necessidade urgente e a Prefeitura de Camb\u00e9, preocupada com as altas temperaturas apresentadas nos \u00faltimos tempos, resolveu implantar um sistema de plantio de \u00e1rvores cont\u00ednuo. Diversos benef\u00edcios ser\u00e3o obtidos, como a melhoria na qualidade [&hellip;]\" \/>\n<meta property=\"og:url\" content=\"https:\/\/mambiente.cambe.pr.gov.br\/index.php\/arborizacao-urbana\/programa-arboriza-cambe\/\" \/>\n<meta property=\"og:site_name\" content=\"Secretaria de Agricultura e Meio Ambiente\" \/>\n<meta property=\"article:modified_time\" content=\"2026-04-06T13:58:16+00:00\" \/>\n<meta property=\"og:image\" content=\"https:\/\/mambiente.cambe.pr.gov.br\/wp-content\/uploads\/2024\/01\/programa_arboriza_cambe.jpg\" \/>\n\t<meta property=\"og:image:width\" content=\"634\" \/>\n\t<meta property=\"og:image:height\" content=\"614\" \/>\n\t<meta property=\"og:image:type\" content=\"image\/jpeg\" \/>\n<meta name=\"twitter:card\" content=\"summary_large_image\" \/>\n<meta name=\"twitter:label1\" content=\"Est. tempo de leitura\" \/>\n\t<meta name=\"twitter:data1\" content=\"1 minuto\" \/>\n<script type=\"application\/ld+json\" class=\"yoast-schema-graph\">{\"@context\":\"https:\/\/schema.org\",\"@graph\":[{\"@type\":\"WebPage\",\"@id\":\"https:\/\/mambiente.cambe.pr.gov.br\/index.php\/arborizacao-urbana\/programa-arboriza-cambe\/\",\"url\":\"https:\/\/mambiente.cambe.pr.gov.br\/index.php\/arborizacao-urbana\/programa-arboriza-cambe\/\",\"name\":\"Programa Arboriza Camb\u00e9 - Secretaria de Agricultura e Meio Ambiente\",\"isPartOf\":{\"@id\":\"https:\/\/mambiente.cambe.pr.gov.br\/#website\"},\"primaryImageOfPage\":{\"@id\":\"https:\/\/mambiente.cambe.pr.gov.br\/index.php\/arborizacao-urbana\/programa-arboriza-cambe\/#primaryimage\"},\"image\":{\"@id\":\"https:\/\/mambiente.cambe.pr.gov.br\/index.php\/arborizacao-urbana\/programa-arboriza-cambe\/#primaryimage\"},\"thumbnailUrl\":\"https:\/\/mambiente.cambe.pr.gov.br\/wp-content\/uploads\/2024\/01\/programa_arboriza_cambe-300x291.jpg\",\"datePublished\":\"2024-01-11T12:17:47+00:00\",\"dateModified\":\"2026-04-06T13:58:16+00:00\",\"breadcrumb\":{\"@id\":\"https:\/\/mambiente.cambe.pr.gov.br\/index.php\/arborizacao-urbana\/programa-arboriza-cambe\/#breadcrumb\"},\"inLanguage\":\"pt-BR\",\"potentialAction\":[{\"@type\":\"ReadAction\",\"target\":[\"https:\/\/mambiente.cambe.pr.gov.br\/index.php\/arborizacao-urbana\/programa-arboriza-cambe\/\"]}]},{\"@type\":\"ImageObject\",\"inLanguage\":\"pt-BR\",\"@id\":\"https:\/\/mambiente.cambe.pr.gov.br\/index.php\/arborizacao-urbana\/programa-arboriza-cambe\/#primaryimage\",\"url\":\"https:\/\/mambiente.cambe.pr.gov.br\/wp-content\/uploads\/2024\/01\/programa_arboriza_cambe.jpg\",\"contentUrl\":\"https:\/\/mambiente.cambe.pr.gov.br\/wp-content\/uploads\/2024\/01\/programa_arboriza_cambe.jpg\",\"width\":634,\"height\":614},{\"@type\":\"BreadcrumbList\",\"@id\":\"https:\/\/mambiente.cambe.pr.gov.br\/index.php\/arborizacao-urbana\/programa-arboriza-cambe\/#breadcrumb\",\"itemListElement\":[{\"@type\":\"ListItem\",\"position\":1,\"name\":\"In\u00edcio\",\"item\":\"https:\/\/mambiente.cambe.pr.gov.br\/\"},{\"@type\":\"ListItem\",\"position\":2,\"name\":\"Arboriza\u00e7\u00e3o Urbana\",\"item\":\"https:\/\/mambiente.cambe.pr.gov.br\/index.php\/arborizacao-urbana\/\"},{\"@type\":\"ListItem\",\"position\":3,\"name\":\"Programa Arboriza Camb\u00e9\"}]},{\"@type\":\"WebSite\",\"@id\":\"https:\/\/mambiente.cambe.pr.gov.br\/#website\",\"url\":\"https:\/\/mambiente.cambe.pr.gov.br\/\",\"name\":\"Secretaria de Agricultura e Meio Ambiente\",\"description\":\"\",\"publisher\":{\"@id\":\"https:\/\/mambiente.cambe.pr.gov.br\/#organization\"},\"potentialAction\":[{\"@type\":\"SearchAction\",\"target\":{\"@type\":\"EntryPoint\",\"urlTemplate\":\"https:\/\/mambiente.cambe.pr.gov.br\/?s={search_term_string}\"},\"query-input\":{\"@type\":\"PropertyValueSpecification\",\"valueRequired\":true,\"valueName\":\"search_term_string\"}}],\"inLanguage\":\"pt-BR\"},{\"@type\":\"Organization\",\"@id\":\"https:\/\/mambiente.cambe.pr.gov.br\/#organization\",\"name\":\"Secretaria de Agricultura e Meio Ambiente\",\"url\":\"https:\/\/mambiente.cambe.pr.gov.br\/\",\"logo\":{\"@type\":\"ImageObject\",\"inLanguage\":\"pt-BR\",\"@id\":\"https:\/\/mambiente.cambe.pr.gov.br\/#\/schema\/logo\/image\/\",\"url\":\"https:\/\/mambiente.cambe.pr.gov.br\/wp-content\/uploads\/2024\/01\/brasao_cambe.png\",\"contentUrl\":\"https:\/\/mambiente.cambe.pr.gov.br\/wp-content\/uploads\/2024\/01\/brasao_cambe.png\",\"width\":600,\"height\":600,\"caption\":\"Secretaria de Agricultura e Meio Ambiente\"},\"image\":{\"@id\":\"https:\/\/mambiente.cambe.pr.gov.br\/#\/schema\/logo\/image\/\"}}]}<\/script>\n<!-- \/ Yoast SEO plugin. -->","yoast_head_json":{"title":"Programa Arboriza Camb\u00e9 - Secretaria de Agricultura e Meio Ambiente","robots":{"index":"index","follow":"follow","max-snippet":"max-snippet:-1","max-image-preview":"max-image-preview:large","max-video-preview":"max-video-preview:-1"},"canonical":"https:\/\/mambiente.cambe.pr.gov.br\/index.php\/arborizacao-urbana\/programa-arboriza-cambe\/","og_locale":"pt_BR","og_type":"article","og_title":"Programa Arboriza Camb\u00e9 - Secretaria de Agricultura e Meio Ambiente","og_description":"Voc\u00ea sabia que a arboriza\u00e7\u00e3o urbana pode reduzir a temperatura do ambiente em at\u00e9 5\u00baC ? A arboriza\u00e7\u00e3o urbana \u00e9 uma necessidade urgente e a Prefeitura de Camb\u00e9, preocupada com as altas temperaturas apresentadas nos \u00faltimos tempos, resolveu implantar um sistema de plantio de \u00e1rvores cont\u00ednuo. Diversos benef\u00edcios ser\u00e3o obtidos, como a melhoria na qualidade [&hellip;]","og_url":"https:\/\/mambiente.cambe.pr.gov.br\/index.php\/arborizacao-urbana\/programa-arboriza-cambe\/","og_site_name":"Secretaria de Agricultura e Meio Ambiente","article_modified_time":"2026-04-06T13:58:16+00:00","og_image":[{"width":634,"height":614,"url":"https:\/\/mambiente.cambe.pr.gov.br\/wp-content\/uploads\/2024\/01\/programa_arboriza_cambe.jpg","type":"image\/jpeg"}],"twitter_card":"summary_large_image","twitter_misc":{"Est. tempo de leitura":"1 minuto"},"schema":{"@context":"https:\/\/schema.org","@graph":[{"@type":"WebPage","@id":"https:\/\/mambiente.cambe.pr.gov.br\/index.php\/arborizacao-urbana\/programa-arboriza-cambe\/","url":"https:\/\/mambiente.cambe.pr.gov.br\/index.php\/arborizacao-urbana\/programa-arboriza-cambe\/","name":"Programa Arboriza Camb\u00e9 - Secretaria de Agricultura e Meio Ambiente","isPartOf":{"@id":"https:\/\/mambiente.cambe.pr.gov.br\/#website"},"primaryImageOfPage":{"@id":"https:\/\/mambiente.cambe.pr.gov.br\/index.php\/arborizacao-urbana\/programa-arboriza-cambe\/#primaryimage"},"image":{"@id":"https:\/\/mambiente.cambe.pr.gov.br\/index.php\/arborizacao-urbana\/programa-arboriza-cambe\/#primaryimage"},"thumbnailUrl":"https:\/\/mambiente.cambe.pr.gov.br\/wp-content\/uploads\/2024\/01\/programa_arboriza_cambe-300x291.jpg","datePublished":"2024-01-11T12:17:47+00:00","dateModified":"2026-04-06T13:58:16+00:00","breadcrumb":{"@id":"https:\/\/mambiente.cambe.pr.gov.br\/index.php\/arborizacao-urbana\/programa-arboriza-cambe\/#breadcrumb"},"inLanguage":"pt-BR","potentialAction":[{"@type":"ReadAction","target":["https:\/\/mambiente.cambe.pr.gov.br\/index.php\/arborizacao-urbana\/programa-arboriza-cambe\/"]}]},{"@type":"ImageObject","inLanguage":"pt-BR","@id":"https:\/\/mambiente.cambe.pr.gov.br\/index.php\/arborizacao-urbana\/programa-arboriza-cambe\/#primaryimage","url":"https:\/\/mambiente.cambe.pr.gov.br\/wp-content\/uploads\/2024\/01\/programa_arboriza_cambe.jpg","contentUrl":"https:\/\/mambiente.cambe.pr.gov.br\/wp-content\/uploads\/2024\/01\/programa_arboriza_cambe.jpg","width":634,"height":614},{"@type":"BreadcrumbList","@id":"https:\/\/mambiente.cambe.pr.gov.br\/index.php\/arborizacao-urbana\/programa-arboriza-cambe\/#breadcrumb","itemListElement":[{"@type":"ListItem","position":1,"name":"In\u00edcio","item":"https:\/\/mambiente.cambe.pr.gov.br\/"},{"@type":"ListItem","position":2,"name":"Arboriza\u00e7\u00e3o Urbana","item":"https:\/\/mambiente.cambe.pr.gov.br\/index.php\/arborizacao-urbana\/"},{"@type":"ListItem","position":3,"name":"Programa Arboriza Camb\u00e9"}]},{"@type":"WebSite","@id":"https:\/\/mambiente.cambe.pr.gov.br\/#website","url":"https:\/\/mambiente.cambe.pr.gov.br\/","name":"Secretaria de Agricultura e Meio Ambiente","description":"","publisher":{"@id":"https:\/\/mambiente.cambe.pr.gov.br\/#organization"},"potentialAction":[{"@type":"SearchAction","target":{"@type":"EntryPoint","urlTemplate":"https:\/\/mambiente.cambe.pr.gov.br\/?s={search_term_string}"},"query-input":{"@type":"PropertyValueSpecification","valueRequired":true,"valueName":"search_term_string"}}],"inLanguage":"pt-BR"},{"@type":"Organization","@id":"https:\/\/mambiente.cambe.pr.gov.br\/#organization","name":"Secretaria de Agricultura e Meio Ambiente","url":"https:\/\/mambiente.cambe.pr.gov.br\/","logo":{"@type":"ImageObject","inLanguage":"pt-BR","@id":"https:\/\/mambiente.cambe.pr.gov.br\/#\/schema\/logo\/image\/","url":"https:\/\/mambiente.cambe.pr.gov.br\/wp-content\/uploads\/2024\/01\/brasao_cambe.png","contentUrl":"https:\/\/mambiente.cambe.pr.gov.br\/wp-content\/uploads\/2024\/01\/brasao_cambe.png","width":600,"height":600,"caption":"Secretaria de Agricultura e Meio Ambiente"},"image":{"@id":"https:\/\/mambiente.cambe.pr.gov.br\/#\/schema\/logo\/image\/"}}]}},"_links":{"self":[{"href":"https:\/\/mambiente.cambe.pr.gov.br\/index.php\/wp-json\/wp\/v2\/pages\/147","targetHints":{"allow":["GET"]}}],"collection":[{"href":"https:\/\/mambiente.cambe.pr.gov.br\/index.php\/wp-json\/wp\/v2\/pages"}],"about":[{"href":"https:\/\/mambiente.cambe.pr.gov.br\/index.php\/wp-json\/wp\/v2\/types\/page"}],"author":[{"embeddable":true,"href":"https:\/\/mambiente.cambe.pr.gov.br\/index.php\/wp-json\/wp\/v2\/users\/1"}],"replies":[{"embeddable":true,"href":"https:\/\/mambiente.cambe.pr.gov.br\/index.php\/wp-json\/wp\/v2\/comments?post=147"}],"version-history":[{"count":7,"href":"https:\/\/mambiente.cambe.pr.gov.br\/index.php\/wp-json\/wp\/v2\/pages\/147\/revisions"}],"predecessor-version":[{"id":233,"href":"https:\/\/mambiente.cambe.pr.gov.br\/index.php\/wp-json\/wp\/v2\/pages\/147\/revisions\/233"}],"up":[{"embeddable":true,"href":"https:\/\/mambiente.cambe.pr.gov.br\/index.php\/wp-json\/wp\/v2\/pages\/135"}],"wp:attachment":[{"href":"https:\/\/mambiente.cambe.pr.gov.br\/index.php\/wp-json\/wp\/v2\/media?parent=147"}],"curies":[{"name":"wp","href":"https:\/\/api.w.org\/{rel}","templated":true}]}}