{"id":16,"date":"2024-01-08T16:51:33","date_gmt":"2024-01-08T19:51:33","guid":{"rendered":"https:\/\/mambiente.cambe.pr.gov.br\/?page_id=16"},"modified":"2026-04-06T10:58:16","modified_gmt":"2026-04-06T13:58:16","slug":"residuos-solidos-urbanos","status":"publish","type":"page","link":"https:\/\/mambiente.cambe.pr.gov.br\/index.php\/residuos-solidos-urbanos\/","title":{"rendered":"Res\u00edduos s\u00f3lidos urbanos"},"content":{"rendered":"<p style=\"text-align: justify;\"><strong>Voc\u00ea sabia que \u00e9 responsabilidade de todos o destino e disposi\u00e7\u00e3o final dos res\u00edduos ?<\/strong><\/p>\n<p><img loading=\"lazy\" decoding=\"async\" class=\"wp-image-324 size-full alignnone\" src=\"https:\/\/mambiente.cambe.pr.gov.br\/wp-content\/uploads\/2024\/03\/residuos-solidos-.jpg\" alt=\"\" width=\"551\" height=\"366\" srcset=\"https:\/\/mambiente.cambe.pr.gov.br\/wp-content\/uploads\/2024\/03\/residuos-solidos-.jpg 551w, https:\/\/mambiente.cambe.pr.gov.br\/wp-content\/uploads\/2024\/03\/residuos-solidos--300x199.jpg 300w\" sizes=\"auto, (max-width: 551px) 100vw, 551px\" \/><\/p>\n<p style=\"text-align: justify;\">Todos os cidad\u00e3os s\u00e3o respons\u00e1veis pela destina\u00e7\u00e3o correta dos res\u00edduos, por terem sido propriet\u00e1rios deles uma vez, seja ao adquiri-los como mat\u00e9ria-prima (o processo industrial) ou bens de consumo (com\u00e9rcio e consumo). Partindo dessa premissa, a Pol\u00edtica Nacional de Res\u00edduos S\u00f3lidos (Lei n\u00ba 12305\/2010) definiu como responsabilidade compartilhada pelo ciclo de vida dos produtos, o conjunto de atribui\u00e7\u00f5es individualizadas e encadeadas dos fabricantes, importadores, distribuidores e comerciantes, dos consumidores e dos titulares dos servi\u00e7os p\u00fablicos de limpeza urbana e de manejo dos res\u00edduos s\u00f3lidos.<\/p>\n<p style=\"text-align: justify;\">A responsabilidade compartilhada tem como objetivo minimizar o volume de res\u00edduos s\u00f3lidos e rejeitos gerados, e tamb\u00e9m os impactos causados \u00e0 sa\u00fade humana e \u00e0 qualidade do meio ambiente, decorrente dos processos envolvidos em todo o ciclo de vida dos produtos.<\/p>\n<p style=\"text-align: justify;\">Segundo as empresas de pesquisas Ibope, a Abrelpe e o Instituto de Pesquisa Econ\u00f4mica Aplicada (Ipea), apenas 13% do lixo que produzimos segue para a reciclagem. Boa parte dos brasileiros sabe da import\u00e2ncia dessa pr\u00e1tica (77%), mas por alguns motivos acabam deixando-a de lado. Agora me diz, voc\u00ea est\u00e1 fazendo sua parte?<\/p>\n","protected":false},"excerpt":{"rendered":"<p>Voc\u00ea sabia que \u00e9 responsabilidade de todos o destino e disposi\u00e7\u00e3o final dos res\u00edduos ? Todos os cidad\u00e3os s\u00e3o respons\u00e1veis pela destina\u00e7\u00e3o correta dos res\u00edduos, por terem sido propriet\u00e1rios deles uma vez, seja ao adquiri-los como mat\u00e9ria-prima (o processo industrial) ou bens de consumo (com\u00e9rcio e consumo). Partindo dessa premissa, a Pol\u00edtica Nacional de Res\u00edduos [&hellip;]<\/p>\n","protected":false},"author":1,"featured_media":0,"parent":0,"menu_order":0,"comment_status":"closed","ping_status":"closed","template":"","meta":{"ngg_post_thumbnail":0,"footnotes":""},"class_list":["post-16","page","type-page","status-publish","hentry"],"yoast_head":"<!-- This site is optimized with the Yoast SEO plugin v24.4 - https:\/\/yoast.com\/wordpress\/plugins\/seo\/ -->\n<title>Res\u00edduos s\u00f3lidos urbanos - Secretaria de Agricultura e Meio Ambiente<\/title>\n<meta name=\"robots\" content=\"index, follow, max-snippet:-1, max-image-preview:large, max-video-preview:-1\" \/>\n<link rel=\"canonical\" href=\"https:\/\/mambiente.cambe.pr.gov.br\/index.php\/residuos-solidos-urbanos\/\" \/>\n<meta property=\"og:locale\" content=\"pt_BR\" \/>\n<meta property=\"og:type\" content=\"article\" \/>\n<meta property=\"og:title\" content=\"Res\u00edduos s\u00f3lidos urbanos - Secretaria de Agricultura e Meio Ambiente\" \/>\n<meta property=\"og:description\" content=\"Voc\u00ea sabia que \u00e9 responsabilidade de todos o destino e disposi\u00e7\u00e3o final dos res\u00edduos ? Todos os cidad\u00e3os s\u00e3o respons\u00e1veis pela destina\u00e7\u00e3o correta dos res\u00edduos, por terem sido propriet\u00e1rios deles uma vez, seja ao adquiri-los como mat\u00e9ria-prima (o processo industrial) ou bens de consumo (com\u00e9rcio e consumo). Partindo dessa premissa, a Pol\u00edtica Nacional de Res\u00edduos [&hellip;]\" \/>\n<meta property=\"og:url\" content=\"https:\/\/mambiente.cambe.pr.gov.br\/index.php\/residuos-solidos-urbanos\/\" \/>\n<meta property=\"og:site_name\" content=\"Secretaria de Agricultura e Meio Ambiente\" \/>\n<meta property=\"article:modified_time\" content=\"2026-04-06T13:58:16+00:00\" \/>\n<meta property=\"og:image\" content=\"https:\/\/mambiente.cambe.pr.gov.br\/wp-content\/uploads\/2024\/03\/residuos-solidos-.jpg\" \/>\n\t<meta property=\"og:image:width\" content=\"551\" \/>\n\t<meta property=\"og:image:height\" content=\"366\" \/>\n\t<meta property=\"og:image:type\" content=\"image\/jpeg\" \/>\n<meta name=\"twitter:card\" content=\"summary_large_image\" \/>\n<meta name=\"twitter:label1\" content=\"Est. tempo de leitura\" \/>\n\t<meta name=\"twitter:data1\" content=\"2 minutos\" \/>\n<script type=\"application\/ld+json\" class=\"yoast-schema-graph\">{\"@context\":\"https:\/\/schema.org\",\"@graph\":[{\"@type\":\"WebPage\",\"@id\":\"https:\/\/mambiente.cambe.pr.gov.br\/index.php\/residuos-solidos-urbanos\/\",\"url\":\"https:\/\/mambiente.cambe.pr.gov.br\/index.php\/residuos-solidos-urbanos\/\",\"name\":\"Res\u00edduos s\u00f3lidos urbanos - Secretaria de Agricultura e Meio Ambiente\",\"isPartOf\":{\"@id\":\"https:\/\/mambiente.cambe.pr.gov.br\/#website\"},\"primaryImageOfPage\":{\"@id\":\"https:\/\/mambiente.cambe.pr.gov.br\/index.php\/residuos-solidos-urbanos\/#primaryimage\"},\"image\":{\"@id\":\"https:\/\/mambiente.cambe.pr.gov.br\/index.php\/residuos-solidos-urbanos\/#primaryimage\"},\"thumbnailUrl\":\"https:\/\/mambiente.cambe.pr.gov.br\/wp-content\/uploads\/2024\/03\/residuos-solidos-.jpg\",\"datePublished\":\"2024-01-08T19:51:33+00:00\",\"dateModified\":\"2026-04-06T13:58:16+00:00\",\"breadcrumb\":{\"@id\":\"https:\/\/mambiente.cambe.pr.gov.br\/index.php\/residuos-solidos-urbanos\/#breadcrumb\"},\"inLanguage\":\"pt-BR\",\"potentialAction\":[{\"@type\":\"ReadAction\",\"target\":[\"https:\/\/mambiente.cambe.pr.gov.br\/index.php\/residuos-solidos-urbanos\/\"]}]},{\"@type\":\"ImageObject\",\"inLanguage\":\"pt-BR\",\"@id\":\"https:\/\/mambiente.cambe.pr.gov.br\/index.php\/residuos-solidos-urbanos\/#primaryimage\",\"url\":\"https:\/\/mambiente.cambe.pr.gov.br\/wp-content\/uploads\/2024\/03\/residuos-solidos-.jpg\",\"contentUrl\":\"https:\/\/mambiente.cambe.pr.gov.br\/wp-content\/uploads\/2024\/03\/residuos-solidos-.jpg\",\"width\":551,\"height\":366},{\"@type\":\"BreadcrumbList\",\"@id\":\"https:\/\/mambiente.cambe.pr.gov.br\/index.php\/residuos-solidos-urbanos\/#breadcrumb\",\"itemListElement\":[{\"@type\":\"ListItem\",\"position\":1,\"name\":\"In\u00edcio\",\"item\":\"https:\/\/mambiente.cambe.pr.gov.br\/\"},{\"@type\":\"ListItem\",\"position\":2,\"name\":\"Res\u00edduos s\u00f3lidos urbanos\"}]},{\"@type\":\"WebSite\",\"@id\":\"https:\/\/mambiente.cambe.pr.gov.br\/#website\",\"url\":\"https:\/\/mambiente.cambe.pr.gov.br\/\",\"name\":\"Secretaria de Agricultura e Meio Ambiente\",\"description\":\"\",\"publisher\":{\"@id\":\"https:\/\/mambiente.cambe.pr.gov.br\/#organization\"},\"potentialAction\":[{\"@type\":\"SearchAction\",\"target\":{\"@type\":\"EntryPoint\",\"urlTemplate\":\"https:\/\/mambiente.cambe.pr.gov.br\/?s={search_term_string}\"},\"query-input\":{\"@type\":\"PropertyValueSpecification\",\"valueRequired\":true,\"valueName\":\"search_term_string\"}}],\"inLanguage\":\"pt-BR\"},{\"@type\":\"Organization\",\"@id\":\"https:\/\/mambiente.cambe.pr.gov.br\/#organization\",\"name\":\"Secretaria de Agricultura e Meio Ambiente\",\"url\":\"https:\/\/mambiente.cambe.pr.gov.br\/\",\"logo\":{\"@type\":\"ImageObject\",\"inLanguage\":\"pt-BR\",\"@id\":\"https:\/\/mambiente.cambe.pr.gov.br\/#\/schema\/logo\/image\/\",\"url\":\"https:\/\/mambiente.cambe.pr.gov.br\/wp-content\/uploads\/2024\/01\/brasao_cambe.png\",\"contentUrl\":\"https:\/\/mambiente.cambe.pr.gov.br\/wp-content\/uploads\/2024\/01\/brasao_cambe.png\",\"width\":600,\"height\":600,\"caption\":\"Secretaria de Agricultura e Meio Ambiente\"},\"image\":{\"@id\":\"https:\/\/mambiente.cambe.pr.gov.br\/#\/schema\/logo\/image\/\"}}]}<\/script>\n<!-- \/ Yoast SEO plugin. -->","yoast_head_json":{"title":"Res\u00edduos s\u00f3lidos urbanos - Secretaria de Agricultura e Meio Ambiente","robots":{"index":"index","follow":"follow","max-snippet":"max-snippet:-1","max-image-preview":"max-image-preview:large","max-video-preview":"max-video-preview:-1"},"canonical":"https:\/\/mambiente.cambe.pr.gov.br\/index.php\/residuos-solidos-urbanos\/","og_locale":"pt_BR","og_type":"article","og_title":"Res\u00edduos s\u00f3lidos urbanos - Secretaria de Agricultura e Meio Ambiente","og_description":"Voc\u00ea sabia que \u00e9 responsabilidade de todos o destino e disposi\u00e7\u00e3o final dos res\u00edduos ? Todos os cidad\u00e3os s\u00e3o respons\u00e1veis pela destina\u00e7\u00e3o correta dos res\u00edduos, por terem sido propriet\u00e1rios deles uma vez, seja ao adquiri-los como mat\u00e9ria-prima (o processo industrial) ou bens de consumo (com\u00e9rcio e consumo). Partindo dessa premissa, a Pol\u00edtica Nacional de Res\u00edduos [&hellip;]","og_url":"https:\/\/mambiente.cambe.pr.gov.br\/index.php\/residuos-solidos-urbanos\/","og_site_name":"Secretaria de Agricultura e Meio Ambiente","article_modified_time":"2026-04-06T13:58:16+00:00","og_image":[{"width":551,"height":366,"url":"https:\/\/mambiente.cambe.pr.gov.br\/wp-content\/uploads\/2024\/03\/residuos-solidos-.jpg","type":"image\/jpeg"}],"twitter_card":"summary_large_image","twitter_misc":{"Est. tempo de leitura":"2 minutos"},"schema":{"@context":"https:\/\/schema.org","@graph":[{"@type":"WebPage","@id":"https:\/\/mambiente.cambe.pr.gov.br\/index.php\/residuos-solidos-urbanos\/","url":"https:\/\/mambiente.cambe.pr.gov.br\/index.php\/residuos-solidos-urbanos\/","name":"Res\u00edduos s\u00f3lidos urbanos - Secretaria de Agricultura e Meio Ambiente","isPartOf":{"@id":"https:\/\/mambiente.cambe.pr.gov.br\/#website"},"primaryImageOfPage":{"@id":"https:\/\/mambiente.cambe.pr.gov.br\/index.php\/residuos-solidos-urbanos\/#primaryimage"},"image":{"@id":"https:\/\/mambiente.cambe.pr.gov.br\/index.php\/residuos-solidos-urbanos\/#primaryimage"},"thumbnailUrl":"https:\/\/mambiente.cambe.pr.gov.br\/wp-content\/uploads\/2024\/03\/residuos-solidos-.jpg","datePublished":"2024-01-08T19:51:33+00:00","dateModified":"2026-04-06T13:58:16+00:00","breadcrumb":{"@id":"https:\/\/mambiente.cambe.pr.gov.br\/index.php\/residuos-solidos-urbanos\/#breadcrumb"},"inLanguage":"pt-BR","potentialAction":[{"@type":"ReadAction","target":["https:\/\/mambiente.cambe.pr.gov.br\/index.php\/residuos-solidos-urbanos\/"]}]},{"@type":"ImageObject","inLanguage":"pt-BR","@id":"https:\/\/mambiente.cambe.pr.gov.br\/index.php\/residuos-solidos-urbanos\/#primaryimage","url":"https:\/\/mambiente.cambe.pr.gov.br\/wp-content\/uploads\/2024\/03\/residuos-solidos-.jpg","contentUrl":"https:\/\/mambiente.cambe.pr.gov.br\/wp-content\/uploads\/2024\/03\/residuos-solidos-.jpg","width":551,"height":366},{"@type":"BreadcrumbList","@id":"https:\/\/mambiente.cambe.pr.gov.br\/index.php\/residuos-solidos-urbanos\/#breadcrumb","itemListElement":[{"@type":"ListItem","position":1,"name":"In\u00edcio","item":"https:\/\/mambiente.cambe.pr.gov.br\/"},{"@type":"ListItem","position":2,"name":"Res\u00edduos s\u00f3lidos urbanos"}]},{"@type":"WebSite","@id":"https:\/\/mambiente.cambe.pr.gov.br\/#website","url":"https:\/\/mambiente.cambe.pr.gov.br\/","name":"Secretaria de Agricultura e Meio Ambiente","description":"","publisher":{"@id":"https:\/\/mambiente.cambe.pr.gov.br\/#organization"},"potentialAction":[{"@type":"SearchAction","target":{"@type":"EntryPoint","urlTemplate":"https:\/\/mambiente.cambe.pr.gov.br\/?s={search_term_string}"},"query-input":{"@type":"PropertyValueSpecification","valueRequired":true,"valueName":"search_term_string"}}],"inLanguage":"pt-BR"},{"@type":"Organization","@id":"https:\/\/mambiente.cambe.pr.gov.br\/#organization","name":"Secretaria de Agricultura e Meio Ambiente","url":"https:\/\/mambiente.cambe.pr.gov.br\/","logo":{"@type":"ImageObject","inLanguage":"pt-BR","@id":"https:\/\/mambiente.cambe.pr.gov.br\/#\/schema\/logo\/image\/","url":"https:\/\/mambiente.cambe.pr.gov.br\/wp-content\/uploads\/2024\/01\/brasao_cambe.png","contentUrl":"https:\/\/mambiente.cambe.pr.gov.br\/wp-content\/uploads\/2024\/01\/brasao_cambe.png","width":600,"height":600,"caption":"Secretaria de Agricultura e Meio Ambiente"},"image":{"@id":"https:\/\/mambiente.cambe.pr.gov.br\/#\/schema\/logo\/image\/"}}]}},"_links":{"self":[{"href":"https:\/\/mambiente.cambe.pr.gov.br\/index.php\/wp-json\/wp\/v2\/pages\/16","targetHints":{"allow":["GET"]}}],"collection":[{"href":"https:\/\/mambiente.cambe.pr.gov.br\/index.php\/wp-json\/wp\/v2\/pages"}],"about":[{"href":"https:\/\/mambiente.cambe.pr.gov.br\/index.php\/wp-json\/wp\/v2\/types\/page"}],"author":[{"embeddable":true,"href":"https:\/\/mambiente.cambe.pr.gov.br\/index.php\/wp-json\/wp\/v2\/users\/1"}],"replies":[{"embeddable":true,"href":"https:\/\/mambiente.cambe.pr.gov.br\/index.php\/wp-json\/wp\/v2\/comments?post=16"}],"version-history":[{"count":6,"href":"https:\/\/mambiente.cambe.pr.gov.br\/index.php\/wp-json\/wp\/v2\/pages\/16\/revisions"}],"predecessor-version":[{"id":327,"href":"https:\/\/mambiente.cambe.pr.gov.br\/index.php\/wp-json\/wp\/v2\/pages\/16\/revisions\/327"}],"wp:attachment":[{"href":"https:\/\/mambiente.cambe.pr.gov.br\/index.php\/wp-json\/wp\/v2\/media?parent=16"}],"curies":[{"name":"wp","href":"https:\/\/api.w.org\/{rel}","templated":true}]}}