{"id":259,"date":"2024-01-15T10:01:20","date_gmt":"2024-01-15T13:01:20","guid":{"rendered":"https:\/\/mambiente.cambe.pr.gov.br\/?page_id=259"},"modified":"2026-04-06T10:58:16","modified_gmt":"2026-04-06T13:58:16","slug":"contato","status":"publish","type":"page","link":"https:\/\/mambiente.cambe.pr.gov.br\/index.php\/contato\/","title":{"rendered":"Contato"},"content":{"rendered":"<p><i class=\"fa-solid fa-phone-volume\"><\/i>Telefone: (43) 3174-2895<\/p>\n<p><i class=\"fa-solid fa-envelope\"><\/i>e-mail: <a href=\"https:\/\/mambiente.cambe.pr.gov.br\/index.php\/contato\/\">meioambiente@cambe.pr.gov.br<\/a><\/p>\n<p><i class=\"fa-solid fa-map-pin\"><\/i>Endere\u00e7o: R. Francisco Delgado Sanches, 189 &#8211; Jardim Vit\u00f3ria, Camb\u00e9 &#8211; PR, 86.182-130<\/p>\n","protected":false},"excerpt":{"rendered":"<p>Telefone: (43) 3174-2895 e-mail: meioambiente@cambe.pr.gov.br Endere\u00e7o: R. Francisco Delgado Sanches, 189 &#8211; Jardim Vit\u00f3ria, Camb\u00e9 &#8211; PR, 86.182-130<\/p>\n","protected":false},"author":1,"featured_media":0,"parent":0,"menu_order":0,"comment_status":"closed","ping_status":"closed","template":"","meta":{"ngg_post_thumbnail":0,"footnotes":""},"class_list":["post-259","page","type-page","status-publish","hentry"],"yoast_head":"<!-- This site is optimized with the Yoast SEO plugin v24.4 - https:\/\/yoast.com\/wordpress\/plugins\/seo\/ -->\n<title>Contato - Secretaria de Agricultura e Meio Ambiente<\/title>\n<meta name=\"robots\" content=\"index, follow, max-snippet:-1, max-image-preview:large, max-video-preview:-1\" \/>\n<link rel=\"canonical\" href=\"https:\/\/mambiente.cambe.pr.gov.br\/index.php\/contato\/\" \/>\n<meta property=\"og:locale\" content=\"pt_BR\" \/>\n<meta property=\"og:type\" content=\"article\" \/>\n<meta property=\"og:title\" content=\"Contato - Secretaria de Agricultura e Meio Ambiente\" \/>\n<meta property=\"og:description\" content=\"Telefone: (43) 3174-2895 e-mail: meioambiente@cambe.pr.gov.br Endere\u00e7o: R. Francisco Delgado Sanches, 189 &#8211; Jardim Vit\u00f3ria, Camb\u00e9 &#8211; PR, 86.182-130\" \/>\n<meta property=\"og:url\" content=\"https:\/\/mambiente.cambe.pr.gov.br\/index.php\/contato\/\" \/>\n<meta property=\"og:site_name\" content=\"Secretaria de Agricultura e Meio Ambiente\" \/>\n<meta property=\"article:modified_time\" content=\"2026-04-06T13:58:16+00:00\" \/>\n<meta property=\"og:image\" content=\"https:\/\/mambiente.cambe.pr.gov.br\/wp-content\/uploads\/2024\/01\/SecretariaAgriculturaMeioAmbiente_site_.png\" \/>\n\t<meta property=\"og:image:width\" content=\"400\" \/>\n\t<meta property=\"og:image:height\" content=\"59\" \/>\n\t<meta property=\"og:image:type\" content=\"image\/png\" \/>\n<meta name=\"twitter:card\" content=\"summary_large_image\" \/>\n<meta name=\"twitter:label1\" content=\"Est. tempo de leitura\" \/>\n\t<meta name=\"twitter:data1\" content=\"1 minuto\" \/>\n<script type=\"application\/ld+json\" class=\"yoast-schema-graph\">{\"@context\":\"https:\/\/schema.org\",\"@graph\":[{\"@type\":\"WebPage\",\"@id\":\"https:\/\/mambiente.cambe.pr.gov.br\/index.php\/contato\/\",\"url\":\"https:\/\/mambiente.cambe.pr.gov.br\/index.php\/contato\/\",\"name\":\"Contato - Secretaria de Agricultura e Meio Ambiente\",\"isPartOf\":{\"@id\":\"https:\/\/mambiente.cambe.pr.gov.br\/#website\"},\"datePublished\":\"2024-01-15T13:01:20+00:00\",\"dateModified\":\"2026-04-06T13:58:16+00:00\",\"breadcrumb\":{\"@id\":\"https:\/\/mambiente.cambe.pr.gov.br\/index.php\/contato\/#breadcrumb\"},\"inLanguage\":\"pt-BR\",\"potentialAction\":[{\"@type\":\"ReadAction\",\"target\":[\"https:\/\/mambiente.cambe.pr.gov.br\/index.php\/contato\/\"]}]},{\"@type\":\"BreadcrumbList\",\"@id\":\"https:\/\/mambiente.cambe.pr.gov.br\/index.php\/contato\/#breadcrumb\",\"itemListElement\":[{\"@type\":\"ListItem\",\"position\":1,\"name\":\"In\u00edcio\",\"item\":\"https:\/\/mambiente.cambe.pr.gov.br\/\"},{\"@type\":\"ListItem\",\"position\":2,\"name\":\"Contato\"}]},{\"@type\":\"WebSite\",\"@id\":\"https:\/\/mambiente.cambe.pr.gov.br\/#website\",\"url\":\"https:\/\/mambiente.cambe.pr.gov.br\/\",\"name\":\"Secretaria de Agricultura e Meio Ambiente\",\"description\":\"\",\"publisher\":{\"@id\":\"https:\/\/mambiente.cambe.pr.gov.br\/#organization\"},\"potentialAction\":[{\"@type\":\"SearchAction\",\"target\":{\"@type\":\"EntryPoint\",\"urlTemplate\":\"https:\/\/mambiente.cambe.pr.gov.br\/?s={search_term_string}\"},\"query-input\":{\"@type\":\"PropertyValueSpecification\",\"valueRequired\":true,\"valueName\":\"search_term_string\"}}],\"inLanguage\":\"pt-BR\"},{\"@type\":\"Organization\",\"@id\":\"https:\/\/mambiente.cambe.pr.gov.br\/#organization\",\"name\":\"Secretaria de Agricultura e Meio Ambiente\",\"url\":\"https:\/\/mambiente.cambe.pr.gov.br\/\",\"logo\":{\"@type\":\"ImageObject\",\"inLanguage\":\"pt-BR\",\"@id\":\"https:\/\/mambiente.cambe.pr.gov.br\/#\/schema\/logo\/image\/\",\"url\":\"https:\/\/mambiente.cambe.pr.gov.br\/wp-content\/uploads\/2024\/01\/brasao_cambe.png\",\"contentUrl\":\"https:\/\/mambiente.cambe.pr.gov.br\/wp-content\/uploads\/2024\/01\/brasao_cambe.png\",\"width\":600,\"height\":600,\"caption\":\"Secretaria de Agricultura e Meio Ambiente\"},\"image\":{\"@id\":\"https:\/\/mambiente.cambe.pr.gov.br\/#\/schema\/logo\/image\/\"}}]}<\/script>\n<!-- \/ Yoast SEO plugin. -->","yoast_head_json":{"title":"Contato - Secretaria de Agricultura e Meio Ambiente","robots":{"index":"index","follow":"follow","max-snippet":"max-snippet:-1","max-image-preview":"max-image-preview:large","max-video-preview":"max-video-preview:-1"},"canonical":"https:\/\/mambiente.cambe.pr.gov.br\/index.php\/contato\/","og_locale":"pt_BR","og_type":"article","og_title":"Contato - Secretaria de Agricultura e Meio Ambiente","og_description":"Telefone: (43) 3174-2895 e-mail: meioambiente@cambe.pr.gov.br Endere\u00e7o: R. Francisco Delgado Sanches, 189 &#8211; Jardim Vit\u00f3ria, Camb\u00e9 &#8211; PR, 86.182-130","og_url":"https:\/\/mambiente.cambe.pr.gov.br\/index.php\/contato\/","og_site_name":"Secretaria de Agricultura e Meio Ambiente","article_modified_time":"2026-04-06T13:58:16+00:00","og_image":[{"width":400,"height":59,"url":"https:\/\/mambiente.cambe.pr.gov.br\/wp-content\/uploads\/2024\/01\/SecretariaAgriculturaMeioAmbiente_site_.png","type":"image\/png"}],"twitter_card":"summary_large_image","twitter_misc":{"Est. tempo de leitura":"1 minuto"},"schema":{"@context":"https:\/\/schema.org","@graph":[{"@type":"WebPage","@id":"https:\/\/mambiente.cambe.pr.gov.br\/index.php\/contato\/","url":"https:\/\/mambiente.cambe.pr.gov.br\/index.php\/contato\/","name":"Contato - Secretaria de Agricultura e Meio Ambiente","isPartOf":{"@id":"https:\/\/mambiente.cambe.pr.gov.br\/#website"},"datePublished":"2024-01-15T13:01:20+00:00","dateModified":"2026-04-06T13:58:16+00:00","breadcrumb":{"@id":"https:\/\/mambiente.cambe.pr.gov.br\/index.php\/contato\/#breadcrumb"},"inLanguage":"pt-BR","potentialAction":[{"@type":"ReadAction","target":["https:\/\/mambiente.cambe.pr.gov.br\/index.php\/contato\/"]}]},{"@type":"BreadcrumbList","@id":"https:\/\/mambiente.cambe.pr.gov.br\/index.php\/contato\/#breadcrumb","itemListElement":[{"@type":"ListItem","position":1,"name":"In\u00edcio","item":"https:\/\/mambiente.cambe.pr.gov.br\/"},{"@type":"ListItem","position":2,"name":"Contato"}]},{"@type":"WebSite","@id":"https:\/\/mambiente.cambe.pr.gov.br\/#website","url":"https:\/\/mambiente.cambe.pr.gov.br\/","name":"Secretaria de Agricultura e Meio Ambiente","description":"","publisher":{"@id":"https:\/\/mambiente.cambe.pr.gov.br\/#organization"},"potentialAction":[{"@type":"SearchAction","target":{"@type":"EntryPoint","urlTemplate":"https:\/\/mambiente.cambe.pr.gov.br\/?s={search_term_string}"},"query-input":{"@type":"PropertyValueSpecification","valueRequired":true,"valueName":"search_term_string"}}],"inLanguage":"pt-BR"},{"@type":"Organization","@id":"https:\/\/mambiente.cambe.pr.gov.br\/#organization","name":"Secretaria de Agricultura e Meio Ambiente","url":"https:\/\/mambiente.cambe.pr.gov.br\/","logo":{"@type":"ImageObject","inLanguage":"pt-BR","@id":"https:\/\/mambiente.cambe.pr.gov.br\/#\/schema\/logo\/image\/","url":"https:\/\/mambiente.cambe.pr.gov.br\/wp-content\/uploads\/2024\/01\/brasao_cambe.png","contentUrl":"https:\/\/mambiente.cambe.pr.gov.br\/wp-content\/uploads\/2024\/01\/brasao_cambe.png","width":600,"height":600,"caption":"Secretaria de Agricultura e Meio Ambiente"},"image":{"@id":"https:\/\/mambiente.cambe.pr.gov.br\/#\/schema\/logo\/image\/"}}]}},"_links":{"self":[{"href":"https:\/\/mambiente.cambe.pr.gov.br\/index.php\/wp-json\/wp\/v2\/pages\/259","targetHints":{"allow":["GET"]}}],"collection":[{"href":"https:\/\/mambiente.cambe.pr.gov.br\/index.php\/wp-json\/wp\/v2\/pages"}],"about":[{"href":"https:\/\/mambiente.cambe.pr.gov.br\/index.php\/wp-json\/wp\/v2\/types\/page"}],"author":[{"embeddable":true,"href":"https:\/\/mambiente.cambe.pr.gov.br\/index.php\/wp-json\/wp\/v2\/users\/1"}],"replies":[{"embeddable":true,"href":"https:\/\/mambiente.cambe.pr.gov.br\/index.php\/wp-json\/wp\/v2\/comments?post=259"}],"version-history":[{"count":6,"href":"https:\/\/mambiente.cambe.pr.gov.br\/index.php\/wp-json\/wp\/v2\/pages\/259\/revisions"}],"predecessor-version":[{"id":605,"href":"https:\/\/mambiente.cambe.pr.gov.br\/index.php\/wp-json\/wp\/v2\/pages\/259\/revisions\/605"}],"wp:attachment":[{"href":"https:\/\/mambiente.cambe.pr.gov.br\/index.php\/wp-json\/wp\/v2\/media?parent=259"}],"curies":[{"name":"wp","href":"https:\/\/api.w.org\/{rel}","templated":true}]}}