{"id":319,"date":"2024-03-14T14:07:02","date_gmt":"2024-03-14T17:07:02","guid":{"rendered":"https:\/\/mambiente.cambe.pr.gov.br\/?page_id=319"},"modified":"2026-05-07T15:04:57","modified_gmt":"2026-05-07T18:04:57","slug":"programa-caobe","status":"publish","type":"page","link":"https:\/\/mambiente.cambe.pr.gov.br\/index.php\/setor-animal\/programa-caobe\/","title":{"rendered":"Programa C\u00c3OB\u00c9"},"content":{"rendered":"<p style=\"text-align: justify;\">O Programa C\u00e3ob\u00e9 tem como objetivo a doa\u00e7\u00e3o de ra\u00e7\u00e3o, utens\u00edlios e medica\u00e7\u00e3o b\u00e1sica para benef\u00edcio de c\u00e3es e gatos vulner\u00e1veis no munic\u00edpio de Camb\u00e9, criado pela Lei n\u00ba 3.160 de 27 de junho de 2023.<img loading=\"lazy\" decoding=\"async\" class=\"size-medium wp-image-320 alignright\" src=\"https:\/\/mambiente.cambe.pr.gov.br\/wp-content\/uploads\/2024\/03\/Caobe-300x300.jpg\" alt=\"\" width=\"300\" height=\"300\" srcset=\"https:\/\/mambiente.cambe.pr.gov.br\/wp-content\/uploads\/2024\/03\/Caobe-300x300.jpg 300w, https:\/\/mambiente.cambe.pr.gov.br\/wp-content\/uploads\/2024\/03\/Caobe-1024x1024.jpg 1024w, https:\/\/mambiente.cambe.pr.gov.br\/wp-content\/uploads\/2024\/03\/Caobe-150x150.jpg 150w, https:\/\/mambiente.cambe.pr.gov.br\/wp-content\/uploads\/2024\/03\/Caobe-768x767.jpg 768w, https:\/\/mambiente.cambe.pr.gov.br\/wp-content\/uploads\/2024\/03\/Caobe-50x50.jpg 50w, https:\/\/mambiente.cambe.pr.gov.br\/wp-content\/uploads\/2024\/03\/Caobe-80x80.jpg 80w, https:\/\/mambiente.cambe.pr.gov.br\/wp-content\/uploads\/2024\/03\/Caobe.jpg 1153w\" sizes=\"auto, (max-width: 300px) 100vw, 300px\" \/><\/p>\n<p style=\"text-align: justify;\"><strong>Quem pode participar?<\/strong><\/p>\n<ul style=\"list-style-type: disc; text-align: justify;\">\n<li>As entidades protetoras sem fins lucrativos (pessoas jur\u00eddicas) que tenham sob seus cuidados no m\u00ednimo 10 animais; e<\/li>\n<li>Os protetores independentes (pessoas f\u00edsicas) que tenham sob seus cuidados no m\u00ednimo 10 animais.<\/li>\n<li>Como cadastrar?<\/li>\n<li>Os cadastros s\u00e3o realizados presencialmente na SAMA por meio da apresenta\u00e7\u00e3o de documentos obrigat\u00f3rios;<\/li>\n<li>Anualmente os cadastros ficam dispon\u00edveis para serem realizados, durante um per\u00edodo de 15 dias.<\/li>\n<\/ul>\n<p style=\"text-align: justify;\"><strong>Quais documentos s\u00e3o necess\u00e1rios?<\/strong><\/p>\n<ul style=\"list-style-type: disc; text-align: justify;\">\n<li>Entidades protetoras sem fins lucrativos (pessoas jur\u00eddicas): c\u00f3pia de RG, c\u00f3pia do CPF, estatuto social (para PJ sem fins lucrativos), contrato social da empresa, c\u00f3pia do comprovante resid\u00eancia e foto do local onde os animais est\u00e3o abrigados.<\/li>\n<li>Protetores independentes (pessoas f\u00edsicas): c\u00f3pia de RG, c\u00f3pia do CPF, c\u00f3pia do comprovante resid\u00eancia e foto do local onde os animais est\u00e3o abrigados.<\/li>\n<\/ul>\n<p style=\"text-align: justify;\"><strong>Como ser\u00e1 feita a distribui\u00e7\u00e3o?<\/strong><\/p>\n<ul style=\"list-style-type: disc; text-align: justify;\">\n<li>De forma trimestral aos interessados com cadastro j\u00e1 aprovado;<\/li>\n<li>A quantidade a ser distribu\u00edda ser\u00e1 de acordo com a possibilidade do Programa e com o n\u00famero de animais acolhidos no momento da confer\u00eancia pela SAMA;<\/li>\n<li>O chamamento para a retirada dos produtos ser\u00e3o enviados atrav\u00e9s de meios eletr\u00f4nicos (e-mail e WhatsApp) fornecido no momento do cadastro.<\/li>\n<\/ul>\n<p style=\"text-align: justify;\">\n","protected":false},"excerpt":{"rendered":"<p>O Programa C\u00e3ob\u00e9 tem como objetivo a doa\u00e7\u00e3o de ra\u00e7\u00e3o, utens\u00edlios e medica\u00e7\u00e3o b\u00e1sica para benef\u00edcio de c\u00e3es e gatos vulner\u00e1veis no munic\u00edpio de Camb\u00e9, criado pela Lei n\u00ba 3.160 de 27 de junho de 2023. Quem pode participar? As entidades protetoras sem fins lucrativos (pessoas jur\u00eddicas) que tenham sob seus cuidados no m\u00ednimo 10 [&hellip;]<\/p>\n","protected":false},"author":1,"featured_media":0,"parent":309,"menu_order":0,"comment_status":"closed","ping_status":"closed","template":"","meta":{"ngg_post_thumbnail":0,"footnotes":""},"class_list":["post-319","page","type-page","status-publish","hentry"],"yoast_head":"<!-- This site is optimized with the Yoast SEO plugin v24.4 - https:\/\/yoast.com\/wordpress\/plugins\/seo\/ -->\n<title>Programa C\u00c3OB\u00c9 - Secretaria de Agricultura e Meio Ambiente<\/title>\n<meta name=\"robots\" content=\"index, follow, max-snippet:-1, max-image-preview:large, max-video-preview:-1\" \/>\n<link rel=\"canonical\" href=\"https:\/\/mambiente.cambe.pr.gov.br\/index.php\/setor-animal\/programa-caobe\/\" \/>\n<meta property=\"og:locale\" content=\"pt_BR\" \/>\n<meta property=\"og:type\" content=\"article\" \/>\n<meta property=\"og:title\" content=\"Programa C\u00c3OB\u00c9 - Secretaria de Agricultura e Meio Ambiente\" \/>\n<meta property=\"og:description\" content=\"O Programa C\u00e3ob\u00e9 tem como objetivo a doa\u00e7\u00e3o de ra\u00e7\u00e3o, utens\u00edlios e medica\u00e7\u00e3o b\u00e1sica para benef\u00edcio de c\u00e3es e gatos vulner\u00e1veis no munic\u00edpio de Camb\u00e9, criado pela Lei n\u00ba 3.160 de 27 de junho de 2023. Quem pode participar? As entidades protetoras sem fins lucrativos (pessoas jur\u00eddicas) que tenham sob seus cuidados no m\u00ednimo 10 [&hellip;]\" \/>\n<meta property=\"og:url\" content=\"https:\/\/mambiente.cambe.pr.gov.br\/index.php\/setor-animal\/programa-caobe\/\" \/>\n<meta property=\"og:site_name\" content=\"Secretaria de Agricultura e Meio Ambiente\" \/>\n<meta property=\"article:modified_time\" content=\"2026-05-07T18:04:57+00:00\" \/>\n<meta property=\"og:image\" content=\"https:\/\/mambiente.cambe.pr.gov.br\/wp-content\/uploads\/2024\/03\/Caobe.jpg\" \/>\n\t<meta property=\"og:image:width\" content=\"1153\" \/>\n\t<meta property=\"og:image:height\" content=\"1152\" \/>\n\t<meta property=\"og:image:type\" content=\"image\/jpeg\" \/>\n<meta name=\"twitter:card\" content=\"summary_large_image\" \/>\n<meta name=\"twitter:label1\" content=\"Est. tempo de leitura\" \/>\n\t<meta name=\"twitter:data1\" content=\"2 minutos\" \/>\n<script type=\"application\/ld+json\" class=\"yoast-schema-graph\">{\"@context\":\"https:\/\/schema.org\",\"@graph\":[{\"@type\":\"WebPage\",\"@id\":\"https:\/\/mambiente.cambe.pr.gov.br\/index.php\/setor-animal\/programa-caobe\/\",\"url\":\"https:\/\/mambiente.cambe.pr.gov.br\/index.php\/setor-animal\/programa-caobe\/\",\"name\":\"Programa C\u00c3OB\u00c9 - Secretaria de Agricultura e Meio Ambiente\",\"isPartOf\":{\"@id\":\"https:\/\/mambiente.cambe.pr.gov.br\/#website\"},\"primaryImageOfPage\":{\"@id\":\"https:\/\/mambiente.cambe.pr.gov.br\/index.php\/setor-animal\/programa-caobe\/#primaryimage\"},\"image\":{\"@id\":\"https:\/\/mambiente.cambe.pr.gov.br\/index.php\/setor-animal\/programa-caobe\/#primaryimage\"},\"thumbnailUrl\":\"https:\/\/mambiente.cambe.pr.gov.br\/wp-content\/uploads\/2024\/03\/Caobe-300x300.jpg\",\"datePublished\":\"2024-03-14T17:07:02+00:00\",\"dateModified\":\"2026-05-07T18:04:57+00:00\",\"breadcrumb\":{\"@id\":\"https:\/\/mambiente.cambe.pr.gov.br\/index.php\/setor-animal\/programa-caobe\/#breadcrumb\"},\"inLanguage\":\"pt-BR\",\"potentialAction\":[{\"@type\":\"ReadAction\",\"target\":[\"https:\/\/mambiente.cambe.pr.gov.br\/index.php\/setor-animal\/programa-caobe\/\"]}]},{\"@type\":\"ImageObject\",\"inLanguage\":\"pt-BR\",\"@id\":\"https:\/\/mambiente.cambe.pr.gov.br\/index.php\/setor-animal\/programa-caobe\/#primaryimage\",\"url\":\"https:\/\/mambiente.cambe.pr.gov.br\/wp-content\/uploads\/2024\/03\/Caobe.jpg\",\"contentUrl\":\"https:\/\/mambiente.cambe.pr.gov.br\/wp-content\/uploads\/2024\/03\/Caobe.jpg\",\"width\":1153,\"height\":1152},{\"@type\":\"BreadcrumbList\",\"@id\":\"https:\/\/mambiente.cambe.pr.gov.br\/index.php\/setor-animal\/programa-caobe\/#breadcrumb\",\"itemListElement\":[{\"@type\":\"ListItem\",\"position\":1,\"name\":\"In\u00edcio\",\"item\":\"https:\/\/mambiente.cambe.pr.gov.br\/\"},{\"@type\":\"ListItem\",\"position\":2,\"name\":\"Setor Animal\",\"item\":\"https:\/\/mambiente.cambe.pr.gov.br\/index.php\/setor-animal\/\"},{\"@type\":\"ListItem\",\"position\":3,\"name\":\"Programa C\u00c3OB\u00c9\"}]},{\"@type\":\"WebSite\",\"@id\":\"https:\/\/mambiente.cambe.pr.gov.br\/#website\",\"url\":\"https:\/\/mambiente.cambe.pr.gov.br\/\",\"name\":\"Secretaria de Agricultura e Meio Ambiente\",\"description\":\"\",\"publisher\":{\"@id\":\"https:\/\/mambiente.cambe.pr.gov.br\/#organization\"},\"potentialAction\":[{\"@type\":\"SearchAction\",\"target\":{\"@type\":\"EntryPoint\",\"urlTemplate\":\"https:\/\/mambiente.cambe.pr.gov.br\/?s={search_term_string}\"},\"query-input\":{\"@type\":\"PropertyValueSpecification\",\"valueRequired\":true,\"valueName\":\"search_term_string\"}}],\"inLanguage\":\"pt-BR\"},{\"@type\":\"Organization\",\"@id\":\"https:\/\/mambiente.cambe.pr.gov.br\/#organization\",\"name\":\"Secretaria de Agricultura e Meio Ambiente\",\"url\":\"https:\/\/mambiente.cambe.pr.gov.br\/\",\"logo\":{\"@type\":\"ImageObject\",\"inLanguage\":\"pt-BR\",\"@id\":\"https:\/\/mambiente.cambe.pr.gov.br\/#\/schema\/logo\/image\/\",\"url\":\"https:\/\/mambiente.cambe.pr.gov.br\/wp-content\/uploads\/2024\/01\/brasao_cambe.png\",\"contentUrl\":\"https:\/\/mambiente.cambe.pr.gov.br\/wp-content\/uploads\/2024\/01\/brasao_cambe.png\",\"width\":600,\"height\":600,\"caption\":\"Secretaria de Agricultura e Meio Ambiente\"},\"image\":{\"@id\":\"https:\/\/mambiente.cambe.pr.gov.br\/#\/schema\/logo\/image\/\"}}]}<\/script>\n<!-- \/ Yoast SEO plugin. -->","yoast_head_json":{"title":"Programa C\u00c3OB\u00c9 - Secretaria de Agricultura e Meio Ambiente","robots":{"index":"index","follow":"follow","max-snippet":"max-snippet:-1","max-image-preview":"max-image-preview:large","max-video-preview":"max-video-preview:-1"},"canonical":"https:\/\/mambiente.cambe.pr.gov.br\/index.php\/setor-animal\/programa-caobe\/","og_locale":"pt_BR","og_type":"article","og_title":"Programa C\u00c3OB\u00c9 - Secretaria de Agricultura e Meio Ambiente","og_description":"O Programa C\u00e3ob\u00e9 tem como objetivo a doa\u00e7\u00e3o de ra\u00e7\u00e3o, utens\u00edlios e medica\u00e7\u00e3o b\u00e1sica para benef\u00edcio de c\u00e3es e gatos vulner\u00e1veis no munic\u00edpio de Camb\u00e9, criado pela Lei n\u00ba 3.160 de 27 de junho de 2023. Quem pode participar? As entidades protetoras sem fins lucrativos (pessoas jur\u00eddicas) que tenham sob seus cuidados no m\u00ednimo 10 [&hellip;]","og_url":"https:\/\/mambiente.cambe.pr.gov.br\/index.php\/setor-animal\/programa-caobe\/","og_site_name":"Secretaria de Agricultura e Meio Ambiente","article_modified_time":"2026-05-07T18:04:57+00:00","og_image":[{"width":1153,"height":1152,"url":"https:\/\/mambiente.cambe.pr.gov.br\/wp-content\/uploads\/2024\/03\/Caobe.jpg","type":"image\/jpeg"}],"twitter_card":"summary_large_image","twitter_misc":{"Est. tempo de leitura":"2 minutos"},"schema":{"@context":"https:\/\/schema.org","@graph":[{"@type":"WebPage","@id":"https:\/\/mambiente.cambe.pr.gov.br\/index.php\/setor-animal\/programa-caobe\/","url":"https:\/\/mambiente.cambe.pr.gov.br\/index.php\/setor-animal\/programa-caobe\/","name":"Programa C\u00c3OB\u00c9 - Secretaria de Agricultura e Meio Ambiente","isPartOf":{"@id":"https:\/\/mambiente.cambe.pr.gov.br\/#website"},"primaryImageOfPage":{"@id":"https:\/\/mambiente.cambe.pr.gov.br\/index.php\/setor-animal\/programa-caobe\/#primaryimage"},"image":{"@id":"https:\/\/mambiente.cambe.pr.gov.br\/index.php\/setor-animal\/programa-caobe\/#primaryimage"},"thumbnailUrl":"https:\/\/mambiente.cambe.pr.gov.br\/wp-content\/uploads\/2024\/03\/Caobe-300x300.jpg","datePublished":"2024-03-14T17:07:02+00:00","dateModified":"2026-05-07T18:04:57+00:00","breadcrumb":{"@id":"https:\/\/mambiente.cambe.pr.gov.br\/index.php\/setor-animal\/programa-caobe\/#breadcrumb"},"inLanguage":"pt-BR","potentialAction":[{"@type":"ReadAction","target":["https:\/\/mambiente.cambe.pr.gov.br\/index.php\/setor-animal\/programa-caobe\/"]}]},{"@type":"ImageObject","inLanguage":"pt-BR","@id":"https:\/\/mambiente.cambe.pr.gov.br\/index.php\/setor-animal\/programa-caobe\/#primaryimage","url":"https:\/\/mambiente.cambe.pr.gov.br\/wp-content\/uploads\/2024\/03\/Caobe.jpg","contentUrl":"https:\/\/mambiente.cambe.pr.gov.br\/wp-content\/uploads\/2024\/03\/Caobe.jpg","width":1153,"height":1152},{"@type":"BreadcrumbList","@id":"https:\/\/mambiente.cambe.pr.gov.br\/index.php\/setor-animal\/programa-caobe\/#breadcrumb","itemListElement":[{"@type":"ListItem","position":1,"name":"In\u00edcio","item":"https:\/\/mambiente.cambe.pr.gov.br\/"},{"@type":"ListItem","position":2,"name":"Setor Animal","item":"https:\/\/mambiente.cambe.pr.gov.br\/index.php\/setor-animal\/"},{"@type":"ListItem","position":3,"name":"Programa C\u00c3OB\u00c9"}]},{"@type":"WebSite","@id":"https:\/\/mambiente.cambe.pr.gov.br\/#website","url":"https:\/\/mambiente.cambe.pr.gov.br\/","name":"Secretaria de Agricultura e Meio Ambiente","description":"","publisher":{"@id":"https:\/\/mambiente.cambe.pr.gov.br\/#organization"},"potentialAction":[{"@type":"SearchAction","target":{"@type":"EntryPoint","urlTemplate":"https:\/\/mambiente.cambe.pr.gov.br\/?s={search_term_string}"},"query-input":{"@type":"PropertyValueSpecification","valueRequired":true,"valueName":"search_term_string"}}],"inLanguage":"pt-BR"},{"@type":"Organization","@id":"https:\/\/mambiente.cambe.pr.gov.br\/#organization","name":"Secretaria de Agricultura e Meio Ambiente","url":"https:\/\/mambiente.cambe.pr.gov.br\/","logo":{"@type":"ImageObject","inLanguage":"pt-BR","@id":"https:\/\/mambiente.cambe.pr.gov.br\/#\/schema\/logo\/image\/","url":"https:\/\/mambiente.cambe.pr.gov.br\/wp-content\/uploads\/2024\/01\/brasao_cambe.png","contentUrl":"https:\/\/mambiente.cambe.pr.gov.br\/wp-content\/uploads\/2024\/01\/brasao_cambe.png","width":600,"height":600,"caption":"Secretaria de Agricultura e Meio Ambiente"},"image":{"@id":"https:\/\/mambiente.cambe.pr.gov.br\/#\/schema\/logo\/image\/"}}]}},"_links":{"self":[{"href":"https:\/\/mambiente.cambe.pr.gov.br\/index.php\/wp-json\/wp\/v2\/pages\/319","targetHints":{"allow":["GET"]}}],"collection":[{"href":"https:\/\/mambiente.cambe.pr.gov.br\/index.php\/wp-json\/wp\/v2\/pages"}],"about":[{"href":"https:\/\/mambiente.cambe.pr.gov.br\/index.php\/wp-json\/wp\/v2\/types\/page"}],"author":[{"embeddable":true,"href":"https:\/\/mambiente.cambe.pr.gov.br\/index.php\/wp-json\/wp\/v2\/users\/1"}],"replies":[{"embeddable":true,"href":"https:\/\/mambiente.cambe.pr.gov.br\/index.php\/wp-json\/wp\/v2\/comments?post=319"}],"version-history":[{"count":3,"href":"https:\/\/mambiente.cambe.pr.gov.br\/index.php\/wp-json\/wp\/v2\/pages\/319\/revisions"}],"predecessor-version":[{"id":812,"href":"https:\/\/mambiente.cambe.pr.gov.br\/index.php\/wp-json\/wp\/v2\/pages\/319\/revisions\/812"}],"up":[{"embeddable":true,"href":"https:\/\/mambiente.cambe.pr.gov.br\/index.php\/wp-json\/wp\/v2\/pages\/309"}],"wp:attachment":[{"href":"https:\/\/mambiente.cambe.pr.gov.br\/index.php\/wp-json\/wp\/v2\/media?parent=319"}],"curies":[{"name":"wp","href":"https:\/\/api.w.org\/{rel}","templated":true}]}}