{"id":97,"date":"2024-01-10T15:02:06","date_gmt":"2024-01-10T18:02:06","guid":{"rendered":"https:\/\/mambiente.cambe.pr.gov.br\/?page_id=97"},"modified":"2026-04-06T10:58:16","modified_gmt":"2026-04-06T13:58:16","slug":"entulho-poda-de-arvores","status":"publish","type":"page","link":"https:\/\/mambiente.cambe.pr.gov.br\/index.php\/residuos-solidos-urbanos\/entulho-poda-de-arvores\/","title":{"rendered":"Res\u00edduos s\u00f3lidos volumosos e de jardinagem"},"content":{"rendered":"<p style=\"text-align: justify;\">Considerando a responsabilidade inerente de todos os cidad\u00e3os pela correta destina\u00e7\u00e3o dos res\u00edduos gerados, em conformidade com os princ\u00edpios da responsabilidade compartilhada pelo ciclo de vida dos produtos, a Secretaria Municipal de Agricultura e Meio Ambiente (SAMA) estabelece algumas diretrizes e regulamenta\u00e7\u00f5es aplic\u00e1veis \u00e0 coleta de res\u00edduos s\u00f3lidos volumosos e de jardinagem no \u00e2mbito deste munic\u00edpio.<\/p>\n<p style=\"text-align: justify;\"><strong>Defini\u00e7\u00e3o e Coleta de Res\u00edduos Volumosos:<br \/>\n<\/strong>S\u00e3o considerados res\u00edduos volumosos ou de descarte incomum aqueles materiais que, devido \u00e0s suas dimens\u00f5es ou caracter\u00edsticas, n\u00e3o podem ser acondicionados em sacos pl\u00e1sticos convencionais.<br \/>\nIncluem-se nesta categoria, mas n\u00e3o se limitam a: <em>m\u00f3veis inserv\u00edveis, sucatas, galhos e podas de arbustos e \u00e1rvores.<\/em><\/p>\n<p style=\"text-align: justify;\">A coleta desses materiais \u00e9 realizada pelo servi\u00e7o municipal de coleta, de forma peri\u00f3dica, conforme cronograma divulgado semanalmente na p\u00e1gina inicial do site oficial da SAMA (<a href=\"https:\/\/mambiente.cambe.pr.gov.br\/\">https:\/\/mambiente.cambe.pr.gov.br\/<\/a>). Para que a coleta seja efetuada, o <em>volume total n\u00e3o deve exceder 01 (um) metro c\u00fabico (1 m\u00b3)<\/em>, em estrita observ\u00e2ncia \u00e0 legisla\u00e7\u00e3o municipal vigente.<\/p>\n<p style=\"text-align: justify;\"><strong>\u00a0Grandes Geradores e Responsabilidade<\/strong><br \/>\n<em>Volumes de res\u00edduos que excedam 01 (um) metro c\u00fabico (1 m\u00b3) s\u00e3o classificados como de <\/em><em>Grandes Geradores<\/em>. Nestes casos, a responsabilidade pela destina\u00e7\u00e3o ambientalmente adequada dos res\u00edduos <em>recai integralmente sobre o gerador<\/em>, que dever\u00e1 arcar com os custos e providenciar o encaminhamento para locais apropriados, em conformidade com a Lei Federal n\u00ba 12.305\/2010 (Pol\u00edtica Nacional de Res\u00edduos S\u00f3lidos \u2013 PNRS).<\/p>\n<p style=\"text-align: justify;\">Ocorr\u00eancias de descarte irregular poder\u00e3o acarretar na aplica\u00e7\u00e3o imediata de san\u00e7\u00f5es administrativas.<\/p>\n<p style=\"text-align: justify;\"><strong>Alternativas de descarte de res\u00edduos<\/strong><br \/>\n<em>Res\u00edduos verdes<\/em>: volumes que <em>excedam 01 (um) metro c\u00fabico (1 m\u00b3)<\/em> n\u00e3o ser\u00e3o coletados pelo servi\u00e7o municipal, por\u00e9m poder\u00e3o ser destinados diretamente no Aterro Municipal.<\/p>\n<p style=\"text-align: justify;\"><em>Res\u00edduos de Constru\u00e7\u00e3o Civil<\/em>: volumes <em>inferiores a 01 (um) metro c\u00fabico (1 m\u00b3)<\/em> poder\u00e3o ser destinados no Aterro Municipal.<\/p>\n<p><img loading=\"lazy\" decoding=\"async\" class=\"alignnone size-full wp-image-632\" src=\"https:\/\/mambiente.cambe.pr.gov.br\/wp-content\/uploads\/2025\/07\/Imagem-do-WhatsApp-de-2025-07-24-as-09.37.32_aeb35823.jpg\" alt=\"\" width=\"900\" height=\"1600\" srcset=\"https:\/\/mambiente.cambe.pr.gov.br\/wp-content\/uploads\/2025\/07\/Imagem-do-WhatsApp-de-2025-07-24-as-09.37.32_aeb35823.jpg 900w, https:\/\/mambiente.cambe.pr.gov.br\/wp-content\/uploads\/2025\/07\/Imagem-do-WhatsApp-de-2025-07-24-as-09.37.32_aeb35823-169x300.jpg 169w, https:\/\/mambiente.cambe.pr.gov.br\/wp-content\/uploads\/2025\/07\/Imagem-do-WhatsApp-de-2025-07-24-as-09.37.32_aeb35823-576x1024.jpg 576w, https:\/\/mambiente.cambe.pr.gov.br\/wp-content\/uploads\/2025\/07\/Imagem-do-WhatsApp-de-2025-07-24-as-09.37.32_aeb35823-768x1365.jpg 768w, https:\/\/mambiente.cambe.pr.gov.br\/wp-content\/uploads\/2025\/07\/Imagem-do-WhatsApp-de-2025-07-24-as-09.37.32_aeb35823-864x1536.jpg 864w\" sizes=\"auto, (max-width: 900px) 100vw, 900px\" \/><\/p>\n","protected":false},"excerpt":{"rendered":"<p>Considerando a responsabilidade inerente de todos os cidad\u00e3os pela correta destina\u00e7\u00e3o dos res\u00edduos gerados, em conformidade com os princ\u00edpios da responsabilidade compartilhada pelo ciclo de vida dos produtos, a Secretaria Municipal de Agricultura e Meio Ambiente (SAMA) estabelece algumas diretrizes e regulamenta\u00e7\u00f5es aplic\u00e1veis \u00e0 coleta de res\u00edduos s\u00f3lidos volumosos e de jardinagem no \u00e2mbito deste [&hellip;]<\/p>\n","protected":false},"author":1,"featured_media":0,"parent":16,"menu_order":2,"comment_status":"closed","ping_status":"closed","template":"","meta":{"ngg_post_thumbnail":0,"footnotes":""},"class_list":["post-97","page","type-page","status-publish","hentry"],"yoast_head":"<!-- This site is optimized with the Yoast SEO plugin v24.4 - https:\/\/yoast.com\/wordpress\/plugins\/seo\/ -->\n<title>Res\u00edduos s\u00f3lidos volumosos e de jardinagem - Secretaria de Agricultura e Meio Ambiente<\/title>\n<meta name=\"robots\" content=\"index, follow, max-snippet:-1, max-image-preview:large, max-video-preview:-1\" \/>\n<link rel=\"canonical\" href=\"https:\/\/mambiente.cambe.pr.gov.br\/index.php\/residuos-solidos-urbanos\/entulho-poda-de-arvores\/\" \/>\n<meta property=\"og:locale\" content=\"pt_BR\" \/>\n<meta property=\"og:type\" content=\"article\" \/>\n<meta property=\"og:title\" content=\"Res\u00edduos s\u00f3lidos volumosos e de jardinagem - Secretaria de Agricultura e Meio Ambiente\" \/>\n<meta property=\"og:description\" content=\"Considerando a responsabilidade inerente de todos os cidad\u00e3os pela correta destina\u00e7\u00e3o dos res\u00edduos gerados, em conformidade com os princ\u00edpios da responsabilidade compartilhada pelo ciclo de vida dos produtos, a Secretaria Municipal de Agricultura e Meio Ambiente (SAMA) estabelece algumas diretrizes e regulamenta\u00e7\u00f5es aplic\u00e1veis \u00e0 coleta de res\u00edduos s\u00f3lidos volumosos e de jardinagem no \u00e2mbito deste [&hellip;]\" \/>\n<meta property=\"og:url\" content=\"https:\/\/mambiente.cambe.pr.gov.br\/index.php\/residuos-solidos-urbanos\/entulho-poda-de-arvores\/\" \/>\n<meta property=\"og:site_name\" content=\"Secretaria de Agricultura e Meio Ambiente\" \/>\n<meta property=\"article:modified_time\" content=\"2026-04-06T13:58:16+00:00\" \/>\n<meta property=\"og:image\" content=\"https:\/\/mambiente.cambe.pr.gov.br\/wp-content\/uploads\/2025\/07\/Imagem-do-WhatsApp-de-2025-07-24-as-09.37.32_aeb35823.jpg\" \/>\n\t<meta property=\"og:image:width\" content=\"900\" \/>\n\t<meta property=\"og:image:height\" content=\"1600\" \/>\n\t<meta property=\"og:image:type\" content=\"image\/jpeg\" \/>\n<meta name=\"twitter:card\" content=\"summary_large_image\" \/>\n<meta name=\"twitter:label1\" content=\"Est. tempo de leitura\" \/>\n\t<meta name=\"twitter:data1\" content=\"2 minutos\" \/>\n<script type=\"application\/ld+json\" class=\"yoast-schema-graph\">{\"@context\":\"https:\/\/schema.org\",\"@graph\":[{\"@type\":\"WebPage\",\"@id\":\"https:\/\/mambiente.cambe.pr.gov.br\/index.php\/residuos-solidos-urbanos\/entulho-poda-de-arvores\/\",\"url\":\"https:\/\/mambiente.cambe.pr.gov.br\/index.php\/residuos-solidos-urbanos\/entulho-poda-de-arvores\/\",\"name\":\"Res\u00edduos s\u00f3lidos volumosos e de jardinagem - Secretaria de Agricultura e Meio Ambiente\",\"isPartOf\":{\"@id\":\"https:\/\/mambiente.cambe.pr.gov.br\/#website\"},\"primaryImageOfPage\":{\"@id\":\"https:\/\/mambiente.cambe.pr.gov.br\/index.php\/residuos-solidos-urbanos\/entulho-poda-de-arvores\/#primaryimage\"},\"image\":{\"@id\":\"https:\/\/mambiente.cambe.pr.gov.br\/index.php\/residuos-solidos-urbanos\/entulho-poda-de-arvores\/#primaryimage\"},\"thumbnailUrl\":\"https:\/\/mambiente.cambe.pr.gov.br\/wp-content\/uploads\/2025\/07\/Imagem-do-WhatsApp-de-2025-07-24-as-09.37.32_aeb35823.jpg\",\"datePublished\":\"2024-01-10T18:02:06+00:00\",\"dateModified\":\"2026-04-06T13:58:16+00:00\",\"breadcrumb\":{\"@id\":\"https:\/\/mambiente.cambe.pr.gov.br\/index.php\/residuos-solidos-urbanos\/entulho-poda-de-arvores\/#breadcrumb\"},\"inLanguage\":\"pt-BR\",\"potentialAction\":[{\"@type\":\"ReadAction\",\"target\":[\"https:\/\/mambiente.cambe.pr.gov.br\/index.php\/residuos-solidos-urbanos\/entulho-poda-de-arvores\/\"]}]},{\"@type\":\"ImageObject\",\"inLanguage\":\"pt-BR\",\"@id\":\"https:\/\/mambiente.cambe.pr.gov.br\/index.php\/residuos-solidos-urbanos\/entulho-poda-de-arvores\/#primaryimage\",\"url\":\"https:\/\/mambiente.cambe.pr.gov.br\/wp-content\/uploads\/2025\/07\/Imagem-do-WhatsApp-de-2025-07-24-as-09.37.32_aeb35823.jpg\",\"contentUrl\":\"https:\/\/mambiente.cambe.pr.gov.br\/wp-content\/uploads\/2025\/07\/Imagem-do-WhatsApp-de-2025-07-24-as-09.37.32_aeb35823.jpg\",\"width\":900,\"height\":1600},{\"@type\":\"BreadcrumbList\",\"@id\":\"https:\/\/mambiente.cambe.pr.gov.br\/index.php\/residuos-solidos-urbanos\/entulho-poda-de-arvores\/#breadcrumb\",\"itemListElement\":[{\"@type\":\"ListItem\",\"position\":1,\"name\":\"In\u00edcio\",\"item\":\"https:\/\/mambiente.cambe.pr.gov.br\/\"},{\"@type\":\"ListItem\",\"position\":2,\"name\":\"Res\u00edduos s\u00f3lidos urbanos\",\"item\":\"https:\/\/mambiente.cambe.pr.gov.br\/index.php\/residuos-solidos-urbanos\/\"},{\"@type\":\"ListItem\",\"position\":3,\"name\":\"Res\u00edduos s\u00f3lidos volumosos e de jardinagem\"}]},{\"@type\":\"WebSite\",\"@id\":\"https:\/\/mambiente.cambe.pr.gov.br\/#website\",\"url\":\"https:\/\/mambiente.cambe.pr.gov.br\/\",\"name\":\"Secretaria de Agricultura e Meio Ambiente\",\"description\":\"\",\"publisher\":{\"@id\":\"https:\/\/mambiente.cambe.pr.gov.br\/#organization\"},\"potentialAction\":[{\"@type\":\"SearchAction\",\"target\":{\"@type\":\"EntryPoint\",\"urlTemplate\":\"https:\/\/mambiente.cambe.pr.gov.br\/?s={search_term_string}\"},\"query-input\":{\"@type\":\"PropertyValueSpecification\",\"valueRequired\":true,\"valueName\":\"search_term_string\"}}],\"inLanguage\":\"pt-BR\"},{\"@type\":\"Organization\",\"@id\":\"https:\/\/mambiente.cambe.pr.gov.br\/#organization\",\"name\":\"Secretaria de Agricultura e Meio Ambiente\",\"url\":\"https:\/\/mambiente.cambe.pr.gov.br\/\",\"logo\":{\"@type\":\"ImageObject\",\"inLanguage\":\"pt-BR\",\"@id\":\"https:\/\/mambiente.cambe.pr.gov.br\/#\/schema\/logo\/image\/\",\"url\":\"https:\/\/mambiente.cambe.pr.gov.br\/wp-content\/uploads\/2024\/01\/brasao_cambe.png\",\"contentUrl\":\"https:\/\/mambiente.cambe.pr.gov.br\/wp-content\/uploads\/2024\/01\/brasao_cambe.png\",\"width\":600,\"height\":600,\"caption\":\"Secretaria de Agricultura e Meio Ambiente\"},\"image\":{\"@id\":\"https:\/\/mambiente.cambe.pr.gov.br\/#\/schema\/logo\/image\/\"}}]}<\/script>\n<!-- \/ Yoast SEO plugin. -->","yoast_head_json":{"title":"Res\u00edduos s\u00f3lidos volumosos e de jardinagem - Secretaria de Agricultura e Meio Ambiente","robots":{"index":"index","follow":"follow","max-snippet":"max-snippet:-1","max-image-preview":"max-image-preview:large","max-video-preview":"max-video-preview:-1"},"canonical":"https:\/\/mambiente.cambe.pr.gov.br\/index.php\/residuos-solidos-urbanos\/entulho-poda-de-arvores\/","og_locale":"pt_BR","og_type":"article","og_title":"Res\u00edduos s\u00f3lidos volumosos e de jardinagem - Secretaria de Agricultura e Meio Ambiente","og_description":"Considerando a responsabilidade inerente de todos os cidad\u00e3os pela correta destina\u00e7\u00e3o dos res\u00edduos gerados, em conformidade com os princ\u00edpios da responsabilidade compartilhada pelo ciclo de vida dos produtos, a Secretaria Municipal de Agricultura e Meio Ambiente (SAMA) estabelece algumas diretrizes e regulamenta\u00e7\u00f5es aplic\u00e1veis \u00e0 coleta de res\u00edduos s\u00f3lidos volumosos e de jardinagem no \u00e2mbito deste [&hellip;]","og_url":"https:\/\/mambiente.cambe.pr.gov.br\/index.php\/residuos-solidos-urbanos\/entulho-poda-de-arvores\/","og_site_name":"Secretaria de Agricultura e Meio Ambiente","article_modified_time":"2026-04-06T13:58:16+00:00","og_image":[{"width":900,"height":1600,"url":"https:\/\/mambiente.cambe.pr.gov.br\/wp-content\/uploads\/2025\/07\/Imagem-do-WhatsApp-de-2025-07-24-as-09.37.32_aeb35823.jpg","type":"image\/jpeg"}],"twitter_card":"summary_large_image","twitter_misc":{"Est. tempo de leitura":"2 minutos"},"schema":{"@context":"https:\/\/schema.org","@graph":[{"@type":"WebPage","@id":"https:\/\/mambiente.cambe.pr.gov.br\/index.php\/residuos-solidos-urbanos\/entulho-poda-de-arvores\/","url":"https:\/\/mambiente.cambe.pr.gov.br\/index.php\/residuos-solidos-urbanos\/entulho-poda-de-arvores\/","name":"Res\u00edduos s\u00f3lidos volumosos e de jardinagem - Secretaria de Agricultura e Meio Ambiente","isPartOf":{"@id":"https:\/\/mambiente.cambe.pr.gov.br\/#website"},"primaryImageOfPage":{"@id":"https:\/\/mambiente.cambe.pr.gov.br\/index.php\/residuos-solidos-urbanos\/entulho-poda-de-arvores\/#primaryimage"},"image":{"@id":"https:\/\/mambiente.cambe.pr.gov.br\/index.php\/residuos-solidos-urbanos\/entulho-poda-de-arvores\/#primaryimage"},"thumbnailUrl":"https:\/\/mambiente.cambe.pr.gov.br\/wp-content\/uploads\/2025\/07\/Imagem-do-WhatsApp-de-2025-07-24-as-09.37.32_aeb35823.jpg","datePublished":"2024-01-10T18:02:06+00:00","dateModified":"2026-04-06T13:58:16+00:00","breadcrumb":{"@id":"https:\/\/mambiente.cambe.pr.gov.br\/index.php\/residuos-solidos-urbanos\/entulho-poda-de-arvores\/#breadcrumb"},"inLanguage":"pt-BR","potentialAction":[{"@type":"ReadAction","target":["https:\/\/mambiente.cambe.pr.gov.br\/index.php\/residuos-solidos-urbanos\/entulho-poda-de-arvores\/"]}]},{"@type":"ImageObject","inLanguage":"pt-BR","@id":"https:\/\/mambiente.cambe.pr.gov.br\/index.php\/residuos-solidos-urbanos\/entulho-poda-de-arvores\/#primaryimage","url":"https:\/\/mambiente.cambe.pr.gov.br\/wp-content\/uploads\/2025\/07\/Imagem-do-WhatsApp-de-2025-07-24-as-09.37.32_aeb35823.jpg","contentUrl":"https:\/\/mambiente.cambe.pr.gov.br\/wp-content\/uploads\/2025\/07\/Imagem-do-WhatsApp-de-2025-07-24-as-09.37.32_aeb35823.jpg","width":900,"height":1600},{"@type":"BreadcrumbList","@id":"https:\/\/mambiente.cambe.pr.gov.br\/index.php\/residuos-solidos-urbanos\/entulho-poda-de-arvores\/#breadcrumb","itemListElement":[{"@type":"ListItem","position":1,"name":"In\u00edcio","item":"https:\/\/mambiente.cambe.pr.gov.br\/"},{"@type":"ListItem","position":2,"name":"Res\u00edduos s\u00f3lidos urbanos","item":"https:\/\/mambiente.cambe.pr.gov.br\/index.php\/residuos-solidos-urbanos\/"},{"@type":"ListItem","position":3,"name":"Res\u00edduos s\u00f3lidos volumosos e de jardinagem"}]},{"@type":"WebSite","@id":"https:\/\/mambiente.cambe.pr.gov.br\/#website","url":"https:\/\/mambiente.cambe.pr.gov.br\/","name":"Secretaria de Agricultura e Meio Ambiente","description":"","publisher":{"@id":"https:\/\/mambiente.cambe.pr.gov.br\/#organization"},"potentialAction":[{"@type":"SearchAction","target":{"@type":"EntryPoint","urlTemplate":"https:\/\/mambiente.cambe.pr.gov.br\/?s={search_term_string}"},"query-input":{"@type":"PropertyValueSpecification","valueRequired":true,"valueName":"search_term_string"}}],"inLanguage":"pt-BR"},{"@type":"Organization","@id":"https:\/\/mambiente.cambe.pr.gov.br\/#organization","name":"Secretaria de Agricultura e Meio Ambiente","url":"https:\/\/mambiente.cambe.pr.gov.br\/","logo":{"@type":"ImageObject","inLanguage":"pt-BR","@id":"https:\/\/mambiente.cambe.pr.gov.br\/#\/schema\/logo\/image\/","url":"https:\/\/mambiente.cambe.pr.gov.br\/wp-content\/uploads\/2024\/01\/brasao_cambe.png","contentUrl":"https:\/\/mambiente.cambe.pr.gov.br\/wp-content\/uploads\/2024\/01\/brasao_cambe.png","width":600,"height":600,"caption":"Secretaria de Agricultura e Meio Ambiente"},"image":{"@id":"https:\/\/mambiente.cambe.pr.gov.br\/#\/schema\/logo\/image\/"}}]}},"_links":{"self":[{"href":"https:\/\/mambiente.cambe.pr.gov.br\/index.php\/wp-json\/wp\/v2\/pages\/97","targetHints":{"allow":["GET"]}}],"collection":[{"href":"https:\/\/mambiente.cambe.pr.gov.br\/index.php\/wp-json\/wp\/v2\/pages"}],"about":[{"href":"https:\/\/mambiente.cambe.pr.gov.br\/index.php\/wp-json\/wp\/v2\/types\/page"}],"author":[{"embeddable":true,"href":"https:\/\/mambiente.cambe.pr.gov.br\/index.php\/wp-json\/wp\/v2\/users\/1"}],"replies":[{"embeddable":true,"href":"https:\/\/mambiente.cambe.pr.gov.br\/index.php\/wp-json\/wp\/v2\/comments?post=97"}],"version-history":[{"count":11,"href":"https:\/\/mambiente.cambe.pr.gov.br\/index.php\/wp-json\/wp\/v2\/pages\/97\/revisions"}],"predecessor-version":[{"id":760,"href":"https:\/\/mambiente.cambe.pr.gov.br\/index.php\/wp-json\/wp\/v2\/pages\/97\/revisions\/760"}],"up":[{"embeddable":true,"href":"https:\/\/mambiente.cambe.pr.gov.br\/index.php\/wp-json\/wp\/v2\/pages\/16"}],"wp:attachment":[{"href":"https:\/\/mambiente.cambe.pr.gov.br\/index.php\/wp-json\/wp\/v2\/media?parent=97"}],"curies":[{"name":"wp","href":"https:\/\/api.w.org\/{rel}","templated":true}]}}